{"id":1071,"date":"2014-09-07T18:28:41","date_gmt":"2014-09-07T17:28:41","guid":{"rendered":"http:\/\/elanchevillybasket.fr\/wp\/?page_id=1071"},"modified":"2014-09-07T18:39:06","modified_gmt":"2014-09-07T17:39:06","slug":"saison-2014-2015","status":"publish","type":"page","link":"https:\/\/elanchevillybasket.fr\/wp\/?page_id=1071","title":{"rendered":"Saison 2014-2015"},"content":{"rendered":"<p>Vous trouverez dans cette section l&#8217;ensemble des \u00e9quipes du club de Chevilly Larue Basket-Ball.<\/p>\n<p>Les liens vers les r\u00e9sultats de nos \u00e9quipes directement sur le site de la f\u00e9d\u00e9ration fran\u00e7aise de basket ball.<\/p>\n","protected":false},"excerpt":{"rendered":"<p>Vous trouverez dans cette section l&#8217;ensemble des \u00e9quipes du club de Chevilly Larue Basket-Ball. Les liens vers les r\u00e9sultats de nos \u00e9quipes directement sur le site de la f\u00e9d\u00e9ration fran\u00e7aise de basket ball.<\/p>\n","protected":false},"author":1,"featured_media":0,"parent":0,"menu_order":0,"comment_status":"open","ping_status":"open","template":"","meta":{"_s2mail":"yes","ngg_post_thumbnail":0,"jetpack_post_was_ever_published":false,"footnotes":""},"class_list":["post-1071","page","type-page","status-publish","hentry"],"jetpack_sharing_enabled":true,"jetpack_shortlink":"https:\/\/wp.me\/P48sNo-hh","_links":{"self":[{"href":"https:\/\/elanchevillybasket.fr\/wp\/index.php?rest_route=\/wp\/v2\/pages\/1071","targetHints":{"allow":["GET"]}}],"collection":[{"href":"https:\/\/elanchevillybasket.fr\/wp\/index.php?rest_route=\/wp\/v2\/pages"}],"about":[{"href":"https:\/\/elanchevillybasket.fr\/wp\/index.php?rest_route=\/wp\/v2\/types\/page"}],"author":[{"embeddable":true,"href":"https:\/\/elanchevillybasket.fr\/wp\/index.php?rest_route=\/wp\/v2\/users\/1"}],"replies":[{"embeddable":true,"href":"https:\/\/elanchevillybasket.fr\/wp\/index.php?rest_route=%2Fwp%2Fv2%2Fcomments&post=1071"}],"version-history":[{"count":1,"href":"https:\/\/elanchevillybasket.fr\/wp\/index.php?rest_route=\/wp\/v2\/pages\/1071\/revisions"}],"predecessor-version":[{"id":1072,"href":"https:\/\/elanchevillybasket.fr\/wp\/index.php?rest_route=\/wp\/v2\/pages\/1071\/revisions\/1072"}],"wp:attachment":[{"href":"https:\/\/elanchevillybasket.fr\/wp\/index.php?rest_route=%2Fwp%2Fv2%2Fmedia&parent=1071"}],"curies":[{"name":"wp","href":"https:\/\/api.w.org\/{rel}","templated":true}]}}