{"id":1100,"date":"2014-10-09T21:08:09","date_gmt":"2014-10-09T20:08:09","guid":{"rendered":"http:\/\/elanchevillybasket.fr\/wp\/?page_id=1100"},"modified":"2015-02-09T22:46:12","modified_gmt":"2015-02-09T21:46:12","slug":"poussins-et-poussines-u11-m-et-u11-f","status":"publish","type":"page","link":"https:\/\/elanchevillybasket.fr\/wp\/?page_id=1100","title":{"rendered":"Mini Poussins, Poussins et Poussines &#8211; U11 M et U11 F"},"content":{"rendered":"<p>Trois \u00e9quipes gar\u00e7ons (Poussins et mini Poussins) et une \u00e9quipe filles entra\u00een\u00e9s par Fabrice aid\u00e9 de Zahra, Hawa, Lucas, Patrick et Antoine<\/p>\n<p>U11 F &#8211; Ecole Poussine Basse<a href=\"http:\/\/resultats.ffbb.com\/championnat\/b5e6211dce15.html?r=200000002706965&amp;d=200000002753540\" target=\"_blank\"><br \/>\nCalendrier &amp; R\u00e9sultats<\/a><\/p>\n<p>U11 M &#8211; Poussin Elite 1\u00e8re Division<br \/>\n<a href=\"http:\/\/resultats.ffbb.com\/championnat\/b5e6211def7f.html?r=200000002715519&amp;d=200000002753543\" target=\"_blank\">Calendrier &amp; R\u00e9sultats<\/a><\/p>\n<p>U11 M &#8211; Ecole Poussin<br \/>\n<a href=\"http:\/\/resultats.ffbb.com\/championnat\/b5e6211def82.html?r=200000002715522&amp;d=200000002753552\" target=\"_blank\">Calendrier &amp; R\u00e9sultats<\/a><\/p>\n<p>U9 &#8211; Ecole Mini Poussin Haute<br \/>\n<a href=\"http:\/\/resultats.ffbb.com\/championnat\/b5e6211def83.html?r=200000002715523&amp;d=200000002753553\" target=\"_blank\">Calendrier &amp; R\u00e9sultats<\/a><\/p>\n<p><span style=\"font-family: arial,helvetica,sans-serif;\"><a href=\"http:\/\/elanchevillybasket.fr\/wp\/wp-content\/uploads\/2014\/11\/IMG_6231-ecole.jpg\"><img loading=\"lazy\" decoding=\"async\" class=\"alignnone size-medium wp-image-1361\" src=\"http:\/\/elanchevillybasket.fr\/wp\/wp-content\/uploads\/2014\/11\/IMG_6231-ecole-300x200.jpg\" alt=\"IMG_6231 ecole\" width=\"300\" height=\"200\" srcset=\"https:\/\/elanchevillybasket.fr\/wp\/wp-content\/uploads\/2014\/11\/IMG_6231-ecole-300x200.jpg 300w, https:\/\/elanchevillybasket.fr\/wp\/wp-content\/uploads\/2014\/11\/IMG_6231-ecole-1024x682.jpg 1024w\" sizes=\"auto, (max-width: 300px) 100vw, 300px\" \/><\/a> <a href=\"http:\/\/elanchevillybasket.fr\/wp\/wp-content\/uploads\/2014\/11\/IMG_6225-ecole.jpg\"><img loading=\"lazy\" decoding=\"async\" class=\"alignnone size-medium wp-image-1360\" src=\"http:\/\/elanchevillybasket.fr\/wp\/wp-content\/uploads\/2014\/11\/IMG_6225-ecole-300x200.jpg\" alt=\"IMG_6225 ecole\" width=\"300\" height=\"200\" srcset=\"https:\/\/elanchevillybasket.fr\/wp\/wp-content\/uploads\/2014\/11\/IMG_6225-ecole-300x200.jpg 300w, https:\/\/elanchevillybasket.fr\/wp\/wp-content\/uploads\/2014\/11\/IMG_6225-ecole-1024x682.jpg 1024w\" sizes=\"auto, (max-width: 300px) 100vw, 300px\" \/><\/a> <a href=\"http:\/\/elanchevillybasket.fr\/wp\/wp-content\/uploads\/2014\/11\/IMG_5767-poussins.jpg\"><img loading=\"lazy\" decoding=\"async\" class=\"alignnone size-medium wp-image-1355\" src=\"http:\/\/elanchevillybasket.fr\/wp\/wp-content\/uploads\/2014\/11\/IMG_5767-poussins-300x200.jpg\" alt=\"IMG_5767 poussins\" width=\"300\" height=\"200\" srcset=\"https:\/\/elanchevillybasket.fr\/wp\/wp-content\/uploads\/2014\/11\/IMG_5767-poussins-300x200.jpg 300w, https:\/\/elanchevillybasket.fr\/wp\/wp-content\/uploads\/2014\/11\/IMG_5767-poussins-1024x682.jpg 1024w\" sizes=\"auto, (max-width: 300px) 100vw, 300px\" \/><\/a> <a href=\"http:\/\/elanchevillybasket.fr\/wp\/wp-content\/uploads\/2014\/11\/IMG_5760-poussins.jpg\"><img loading=\"lazy\" decoding=\"async\" class=\"alignnone size-medium wp-image-1354\" src=\"http:\/\/elanchevillybasket.fr\/wp\/wp-content\/uploads\/2014\/11\/IMG_5760-poussins-300x200.jpg\" alt=\"IMG_5760 poussins\" width=\"300\" height=\"200\" srcset=\"https:\/\/elanchevillybasket.fr\/wp\/wp-content\/uploads\/2014\/11\/IMG_5760-poussins-300x200.jpg 300w, https:\/\/elanchevillybasket.fr\/wp\/wp-content\/uploads\/2014\/11\/IMG_5760-poussins-1024x682.jpg 1024w\" sizes=\"auto, (max-width: 300px) 100vw, 300px\" \/><\/a> <a href=\"http:\/\/elanchevillybasket.fr\/wp\/wp-content\/uploads\/2014\/11\/IMG_5752-poussins.jpg\"><img loading=\"lazy\" decoding=\"async\" class=\"alignnone size-medium wp-image-1353\" src=\"http:\/\/elanchevillybasket.fr\/wp\/wp-content\/uploads\/2014\/11\/IMG_5752-poussins-300x200.jpg\" alt=\"IMG_5752 poussins\" width=\"300\" height=\"200\" srcset=\"https:\/\/elanchevillybasket.fr\/wp\/wp-content\/uploads\/2014\/11\/IMG_5752-poussins-300x200.jpg 300w, https:\/\/elanchevillybasket.fr\/wp\/wp-content\/uploads\/2014\/11\/IMG_5752-poussins-1024x682.jpg 1024w\" sizes=\"auto, (max-width: 300px) 100vw, 300px\" \/><\/a><br \/>\n<\/span><\/p>\n","protected":false},"excerpt":{"rendered":"<p>Trois \u00e9quipes gar\u00e7ons (Poussins et mini Poussins) et une \u00e9quipe filles entra\u00een\u00e9s par Fabrice aid\u00e9 de Zahra, Hawa, Lucas, Patrick et Antoine U11 F &#8211; Ecole Poussine Basse Calendrier &amp; R\u00e9sultats U11 M &#8211; Poussin Elite 1\u00e8re Division Calendrier &amp; R\u00e9sultats U11 M &#8211; Ecole Poussin Calendrier &amp; R\u00e9sultats U9 &#8211; Ecole Mini Poussin Haute [&hellip;]<\/p>\n","protected":false},"author":1,"featured_media":0,"parent":1071,"menu_order":2,"comment_status":"closed","ping_status":"closed","template":"","meta":{"_s2mail":"yes","ngg_post_thumbnail":0,"jetpack_post_was_ever_published":false,"footnotes":""},"class_list":["post-1100","page","type-page","status-publish","hentry"],"jetpack_sharing_enabled":true,"jetpack_shortlink":"https:\/\/wp.me\/P48sNo-hK","_links":{"self":[{"href":"https:\/\/elanchevillybasket.fr\/wp\/index.php?rest_route=\/wp\/v2\/pages\/1100","targetHints":{"allow":["GET"]}}],"collection":[{"href":"https:\/\/elanchevillybasket.fr\/wp\/index.php?rest_route=\/wp\/v2\/pages"}],"about":[{"href":"https:\/\/elanchevillybasket.fr\/wp\/index.php?rest_route=\/wp\/v2\/types\/page"}],"author":[{"embeddable":true,"href":"https:\/\/elanchevillybasket.fr\/wp\/index.php?rest_route=\/wp\/v2\/users\/1"}],"replies":[{"embeddable":true,"href":"https:\/\/elanchevillybasket.fr\/wp\/index.php?rest_route=%2Fwp%2Fv2%2Fcomments&post=1100"}],"version-history":[{"count":11,"href":"https:\/\/elanchevillybasket.fr\/wp\/index.php?rest_route=\/wp\/v2\/pages\/1100\/revisions"}],"predecessor-version":[{"id":1871,"href":"https:\/\/elanchevillybasket.fr\/wp\/index.php?rest_route=\/wp\/v2\/pages\/1100\/revisions\/1871"}],"up":[{"embeddable":true,"href":"https:\/\/elanchevillybasket.fr\/wp\/index.php?rest_route=\/wp\/v2\/pages\/1071"}],"wp:attachment":[{"href":"https:\/\/elanchevillybasket.fr\/wp\/index.php?rest_route=%2Fwp%2Fv2%2Fmedia&parent=1100"}],"curies":[{"name":"wp","href":"https:\/\/api.w.org\/{rel}","templated":true}]}}