{"id":1102,"date":"2014-10-09T21:09:11","date_gmt":"2014-10-09T20:09:11","guid":{"rendered":"http:\/\/elanchevillybasket.fr\/wp\/?page_id=1102"},"modified":"2015-02-09T22:37:19","modified_gmt":"2015-02-09T21:37:19","slug":"benjamins-et-benjamines-u13-m-et-u13f","status":"publish","type":"page","link":"https:\/\/elanchevillybasket.fr\/wp\/?page_id=1102","title":{"rendered":"Benjamines &#8211; U13 F"},"content":{"rendered":"<p>Notre club a cr\u00e9\u00e9 une entente\u00a0sur l&#8217;ensemble des cat\u00e9gories filles \u00a0avec le Club Athl\u00e9tique de l&#8217;Ha\u00ff-Les-Roses (CALHR). Son nom est ECHLA OUEST 94<\/p>\n<p>L&#8217;\u00e9quipe est entra\u00een\u00e9e par Ad\u00e8le et Lydi Eben<\/p>\n<p>U13F &#8211; D\u00e9partement 2\u00e8me Division<br \/>\n<a href=\"http:\/\/resultats.ffbb.com\/championnat\/b5e6211dce1c.html?r=200000002706972&amp;d=200000002753556\" target=\"_blank\">Calendrier &amp; R\u00e9sultats<\/a><\/p>\n<p><a href=\"http:\/\/elanchevillybasket.fr\/wp\/wp-content\/uploads\/2014\/11\/IMG_5778-benjamines.jpg\"><img loading=\"lazy\" decoding=\"async\" class=\"alignnone size-medium wp-image-1356\" src=\"http:\/\/elanchevillybasket.fr\/wp\/wp-content\/uploads\/2014\/11\/IMG_5778-benjamines-300x200.jpg\" alt=\"IMG_5778 benjamines\" width=\"300\" height=\"200\" srcset=\"https:\/\/elanchevillybasket.fr\/wp\/wp-content\/uploads\/2014\/11\/IMG_5778-benjamines-300x200.jpg 300w, https:\/\/elanchevillybasket.fr\/wp\/wp-content\/uploads\/2014\/11\/IMG_5778-benjamines-1024x682.jpg 1024w\" sizes=\"auto, (max-width: 300px) 100vw, 300px\" \/><\/a><\/p>\n<p><a href=\"http:\/\/elanchevillybasket.fr\/wp\/wp-content\/uploads\/2014\/12\/2014-11-29-18.25.27.jpg\"><img loading=\"lazy\" decoding=\"async\" class=\"alignnone size-medium wp-image-1816\" src=\"http:\/\/elanchevillybasket.fr\/wp\/wp-content\/uploads\/2014\/12\/2014-11-29-18.25.27-300x225.jpg\" alt=\"2014-11-29 18.25.27\" width=\"300\" height=\"225\" srcset=\"https:\/\/elanchevillybasket.fr\/wp\/wp-content\/uploads\/2014\/12\/2014-11-29-18.25.27-300x225.jpg 300w, https:\/\/elanchevillybasket.fr\/wp\/wp-content\/uploads\/2014\/12\/2014-11-29-18.25.27-1024x768.jpg 1024w\" sizes=\"auto, (max-width: 300px) 100vw, 300px\" \/><\/a><\/p>\n","protected":false},"excerpt":{"rendered":"<p>Notre club a cr\u00e9\u00e9 une entente\u00a0sur l&#8217;ensemble des cat\u00e9gories filles \u00a0avec le Club Athl\u00e9tique de l&#8217;Ha\u00ff-Les-Roses (CALHR). Son nom est ECHLA OUEST 94 L&#8217;\u00e9quipe est entra\u00een\u00e9e par Ad\u00e8le et Lydi Eben U13F &#8211; D\u00e9partement 2\u00e8me Division Calendrier &amp; R\u00e9sultats<\/p>\n","protected":false},"author":1,"featured_media":0,"parent":1071,"menu_order":3,"comment_status":"closed","ping_status":"closed","template":"","meta":{"_s2mail":"yes","ngg_post_thumbnail":0,"jetpack_post_was_ever_published":false,"footnotes":""},"class_list":["post-1102","page","type-page","status-publish","hentry"],"jetpack_sharing_enabled":true,"jetpack_shortlink":"https:\/\/wp.me\/P48sNo-hM","_links":{"self":[{"href":"https:\/\/elanchevillybasket.fr\/wp\/index.php?rest_route=\/wp\/v2\/pages\/1102","targetHints":{"allow":["GET"]}}],"collection":[{"href":"https:\/\/elanchevillybasket.fr\/wp\/index.php?rest_route=\/wp\/v2\/pages"}],"about":[{"href":"https:\/\/elanchevillybasket.fr\/wp\/index.php?rest_route=\/wp\/v2\/types\/page"}],"author":[{"embeddable":true,"href":"https:\/\/elanchevillybasket.fr\/wp\/index.php?rest_route=\/wp\/v2\/users\/1"}],"replies":[{"embeddable":true,"href":"https:\/\/elanchevillybasket.fr\/wp\/index.php?rest_route=%2Fwp%2Fv2%2Fcomments&post=1102"}],"version-history":[{"count":11,"href":"https:\/\/elanchevillybasket.fr\/wp\/index.php?rest_route=\/wp\/v2\/pages\/1102\/revisions"}],"predecessor-version":[{"id":1868,"href":"https:\/\/elanchevillybasket.fr\/wp\/index.php?rest_route=\/wp\/v2\/pages\/1102\/revisions\/1868"}],"up":[{"embeddable":true,"href":"https:\/\/elanchevillybasket.fr\/wp\/index.php?rest_route=\/wp\/v2\/pages\/1071"}],"wp:attachment":[{"href":"https:\/\/elanchevillybasket.fr\/wp\/index.php?rest_route=%2Fwp%2Fv2%2Fmedia&parent=1102"}],"curies":[{"name":"wp","href":"https:\/\/api.w.org\/{rel}","templated":true}]}}