{"id":1106,"date":"2014-10-09T21:13:08","date_gmt":"2014-10-09T20:13:08","guid":{"rendered":"http:\/\/elanchevillybasket.fr\/wp\/?page_id=1106"},"modified":"2015-02-09T22:29:11","modified_gmt":"2015-02-09T21:29:11","slug":"cadettes-u17-f","status":"publish","type":"page","link":"https:\/\/elanchevillybasket.fr\/wp\/?page_id=1106","title":{"rendered":"Cadettes &#8211; U17 F"},"content":{"rendered":"<p style=\"text-align: left;\">Notre club a cr\u00e9\u00e9 une entente\u00a0sur l&#8217;ensemble des cat\u00e9gories filles \u00a0avec le Club Athl\u00e9tique de l&#8217;Ha\u00ff-Les-Roses (CALHR). Son nom est ECHLA OUEST 94<\/p>\n<p style=\"text-align: left;\">Deux \u00e9quipes entra\u00een\u00e9es par Siegfried et Florian<\/p>\n<p>Equipe 1 &#8211; CTC ECLHA OUEST94 (R\u00e9gion Divisions 1&amp;2 Phase 1)<br \/>\n<a href=\"http:\/\/resultats.ffbb.com\/championnat\/b5e6211df614.html?r=200000002717204&amp;d=200000002758044\" target=\"_blank\">Calendrier &amp; R\u00e9sultats<\/a><\/p>\n<p>Equipe 2 &#8211; Entente (D\u00e9partement 1\u00e8re Division)<br \/>\n<a href=\"http:\/\/resultats.ffbb.com\/championnat\/b5e6211dce1e.html?r=200000002706974&amp;d=200000002753532\" target=\"_blank\">Calendrier &amp; R\u00e9sultats<\/a><\/p>\n<p><a href=\"http:\/\/elanchevillybasket.fr\/wp\/wp-content\/uploads\/2014\/11\/IMG_5679-cadettes-1.jpg\"><img loading=\"lazy\" decoding=\"async\" class=\"alignnone size-medium wp-image-1346\" src=\"http:\/\/elanchevillybasket.fr\/wp\/wp-content\/uploads\/2014\/11\/IMG_5679-cadettes-1-300x200.jpg\" alt=\"IMG_5679 cadettes 1\" width=\"300\" height=\"200\" srcset=\"https:\/\/elanchevillybasket.fr\/wp\/wp-content\/uploads\/2014\/11\/IMG_5679-cadettes-1-300x200.jpg 300w, https:\/\/elanchevillybasket.fr\/wp\/wp-content\/uploads\/2014\/11\/IMG_5679-cadettes-1-1024x682.jpg 1024w\" sizes=\"auto, (max-width: 300px) 100vw, 300px\" \/><\/a> <a href=\"http:\/\/elanchevillybasket.fr\/wp\/wp-content\/uploads\/2014\/11\/IMG_5686-cadettes-2.jpg\"><img loading=\"lazy\" decoding=\"async\" class=\"alignnone size-medium wp-image-1347\" src=\"http:\/\/elanchevillybasket.fr\/wp\/wp-content\/uploads\/2014\/11\/IMG_5686-cadettes-2-300x200.jpg\" alt=\"IMG_5686 cadettes 2\" width=\"300\" height=\"200\" srcset=\"https:\/\/elanchevillybasket.fr\/wp\/wp-content\/uploads\/2014\/11\/IMG_5686-cadettes-2-300x200.jpg 300w, https:\/\/elanchevillybasket.fr\/wp\/wp-content\/uploads\/2014\/11\/IMG_5686-cadettes-2-1024x682.jpg 1024w\" sizes=\"auto, (max-width: 300px) 100vw, 300px\" \/><\/a><\/p>\n","protected":false},"excerpt":{"rendered":"<p>Notre club a cr\u00e9\u00e9 une entente\u00a0sur l&#8217;ensemble des cat\u00e9gories filles \u00a0avec le Club Athl\u00e9tique de l&#8217;Ha\u00ff-Les-Roses (CALHR). Son nom est ECHLA OUEST 94 Deux \u00e9quipes entra\u00een\u00e9es par Siegfried et Florian Equipe 1 &#8211; CTC ECLHA OUEST94 (R\u00e9gion Divisions 1&amp;2 Phase 1) Calendrier &amp; R\u00e9sultats Equipe 2 &#8211; Entente (D\u00e9partement 1\u00e8re Division) Calendrier &amp; R\u00e9sultats<\/p>\n","protected":false},"author":1,"featured_media":0,"parent":1071,"menu_order":5,"comment_status":"closed","ping_status":"closed","template":"","meta":{"_s2mail":"yes","ngg_post_thumbnail":0,"jetpack_post_was_ever_published":false,"footnotes":""},"class_list":["post-1106","page","type-page","status-publish","hentry"],"jetpack_sharing_enabled":true,"jetpack_shortlink":"https:\/\/wp.me\/P48sNo-hQ","_links":{"self":[{"href":"https:\/\/elanchevillybasket.fr\/wp\/index.php?rest_route=\/wp\/v2\/pages\/1106","targetHints":{"allow":["GET"]}}],"collection":[{"href":"https:\/\/elanchevillybasket.fr\/wp\/index.php?rest_route=\/wp\/v2\/pages"}],"about":[{"href":"https:\/\/elanchevillybasket.fr\/wp\/index.php?rest_route=\/wp\/v2\/types\/page"}],"author":[{"embeddable":true,"href":"https:\/\/elanchevillybasket.fr\/wp\/index.php?rest_route=\/wp\/v2\/users\/1"}],"replies":[{"embeddable":true,"href":"https:\/\/elanchevillybasket.fr\/wp\/index.php?rest_route=%2Fwp%2Fv2%2Fcomments&post=1106"}],"version-history":[{"count":12,"href":"https:\/\/elanchevillybasket.fr\/wp\/index.php?rest_route=\/wp\/v2\/pages\/1106\/revisions"}],"predecessor-version":[{"id":1863,"href":"https:\/\/elanchevillybasket.fr\/wp\/index.php?rest_route=\/wp\/v2\/pages\/1106\/revisions\/1863"}],"up":[{"embeddable":true,"href":"https:\/\/elanchevillybasket.fr\/wp\/index.php?rest_route=\/wp\/v2\/pages\/1071"}],"wp:attachment":[{"href":"https:\/\/elanchevillybasket.fr\/wp\/index.php?rest_route=%2Fwp%2Fv2%2Fmedia&parent=1106"}],"curies":[{"name":"wp","href":"https:\/\/api.w.org\/{rel}","templated":true}]}}