{"id":1107,"date":"2014-10-09T21:13:45","date_gmt":"2014-10-09T20:13:45","guid":{"rendered":"http:\/\/elanchevillybasket.fr\/wp\/?page_id=1107"},"modified":"2015-02-09T22:34:28","modified_gmt":"2015-02-09T21:34:28","slug":"minimes-garcons-u15-m","status":"publish","type":"page","link":"https:\/\/elanchevillybasket.fr\/wp\/?page_id=1107","title":{"rendered":"Minimes Gar\u00e7ons &#8211; U15 M"},"content":{"rendered":"<p>Deux \u00e9quipes entra\u00een\u00e9es par Herv\u00e9\u00a0et Mehdi.<\/p>\n<p>U15M &#8211; Minime 2\u00e8me Division<a href=\"http:\/\/resultats.ffbb.com\/championnat\/b5e6211dc962.html?r=200000002705762&amp;d=200000002751453\" target=\"_blank\"><br \/>\n<\/a><a href=\"http:\/\/resultats.ffbb.com\/championnat\/b5e6211df3e5.html?r=200000002716645&amp;d=200000002757029\" target=\"_blank\">Calendrier &amp; R\u00e9sultats<\/a><\/p>\n<p>U15M &#8211; Minime 3\u00e8me Division<a href=\"http:\/\/resultats.ffbb.com\/championnat\/b5e6211dc962.html?r=200000002705762&amp;d=200000002751453\" target=\"_blank\"><br \/>\n<\/a><a href=\"http:\/\/resultats.ffbb.com\/championnat\/b5e6211df3e7.html?r=200000002716647&amp;d=200000002757035\" target=\"_blank\">Calendrier &amp; R\u00e9sultats<\/a><\/p>\n<p><a href=\"http:\/\/elanchevillybasket.fr\/wp\/wp-content\/uploads\/2014\/11\/IMG_5700-minimes-1.jpg\"><img loading=\"lazy\" decoding=\"async\" class=\"alignnone size-medium wp-image-1348\" src=\"http:\/\/elanchevillybasket.fr\/wp\/wp-content\/uploads\/2014\/11\/IMG_5700-minimes-1-300x200.jpg\" alt=\"IMG_5700 minimes 1\" width=\"300\" height=\"200\" srcset=\"https:\/\/elanchevillybasket.fr\/wp\/wp-content\/uploads\/2014\/11\/IMG_5700-minimes-1-300x200.jpg 300w, https:\/\/elanchevillybasket.fr\/wp\/wp-content\/uploads\/2014\/11\/IMG_5700-minimes-1-1024x682.jpg 1024w\" sizes=\"auto, (max-width: 300px) 100vw, 300px\" \/><\/a> <a href=\"http:\/\/elanchevillybasket.fr\/wp\/wp-content\/uploads\/2014\/11\/IMG_5702-minimes-2.jpg\"><img loading=\"lazy\" decoding=\"async\" class=\"alignnone size-medium wp-image-1349\" src=\"http:\/\/elanchevillybasket.fr\/wp\/wp-content\/uploads\/2014\/11\/IMG_5702-minimes-2-300x200.jpg\" alt=\"IMG_5702 minimes 2\" width=\"300\" height=\"200\" srcset=\"https:\/\/elanchevillybasket.fr\/wp\/wp-content\/uploads\/2014\/11\/IMG_5702-minimes-2-300x200.jpg 300w, https:\/\/elanchevillybasket.fr\/wp\/wp-content\/uploads\/2014\/11\/IMG_5702-minimes-2-1024x682.jpg 1024w\" sizes=\"auto, (max-width: 300px) 100vw, 300px\" \/><\/a><\/p>\n","protected":false},"excerpt":{"rendered":"<p>Deux \u00e9quipes entra\u00een\u00e9es par Herv\u00e9\u00a0et Mehdi. U15M &#8211; Minime 2\u00e8me Division Calendrier &amp; R\u00e9sultats U15M &#8211; Minime 3\u00e8me Division Calendrier &amp; R\u00e9sultats<\/p>\n","protected":false},"author":1,"featured_media":0,"parent":1071,"menu_order":4,"comment_status":"closed","ping_status":"closed","template":"","meta":{"_s2mail":"yes","ngg_post_thumbnail":0,"jetpack_post_was_ever_published":false,"footnotes":""},"class_list":["post-1107","page","type-page","status-publish","hentry"],"jetpack_sharing_enabled":true,"jetpack_shortlink":"https:\/\/wp.me\/P48sNo-hR","_links":{"self":[{"href":"https:\/\/elanchevillybasket.fr\/wp\/index.php?rest_route=\/wp\/v2\/pages\/1107","targetHints":{"allow":["GET"]}}],"collection":[{"href":"https:\/\/elanchevillybasket.fr\/wp\/index.php?rest_route=\/wp\/v2\/pages"}],"about":[{"href":"https:\/\/elanchevillybasket.fr\/wp\/index.php?rest_route=\/wp\/v2\/types\/page"}],"author":[{"embeddable":true,"href":"https:\/\/elanchevillybasket.fr\/wp\/index.php?rest_route=\/wp\/v2\/users\/1"}],"replies":[{"embeddable":true,"href":"https:\/\/elanchevillybasket.fr\/wp\/index.php?rest_route=%2Fwp%2Fv2%2Fcomments&post=1107"}],"version-history":[{"count":8,"href":"https:\/\/elanchevillybasket.fr\/wp\/index.php?rest_route=\/wp\/v2\/pages\/1107\/revisions"}],"predecessor-version":[{"id":1867,"href":"https:\/\/elanchevillybasket.fr\/wp\/index.php?rest_route=\/wp\/v2\/pages\/1107\/revisions\/1867"}],"up":[{"embeddable":true,"href":"https:\/\/elanchevillybasket.fr\/wp\/index.php?rest_route=\/wp\/v2\/pages\/1071"}],"wp:attachment":[{"href":"https:\/\/elanchevillybasket.fr\/wp\/index.php?rest_route=%2Fwp%2Fv2%2Fmedia&parent=1107"}],"curies":[{"name":"wp","href":"https:\/\/api.w.org\/{rel}","templated":true}]}}