{"id":1108,"date":"2014-10-09T21:13:52","date_gmt":"2014-10-09T20:13:52","guid":{"rendered":"http:\/\/elanchevillybasket.fr\/wp\/?page_id=1108"},"modified":"2014-12-23T15:04:29","modified_gmt":"2014-12-23T14:04:29","slug":"cadets-u17-m","status":"publish","type":"page","link":"https:\/\/elanchevillybasket.fr\/wp\/?page_id=1108","title":{"rendered":"Cadets &#8211; U17 M"},"content":{"rendered":"<p>Une \u00e9quipe entra\u00een\u00e9e par Iain<\/p>\n<p>Brassage<br \/>\n<a title=\"Calendrier &amp; R\u00e9sultats\" href=\"http:\/\/resultats.ffbb.com\/championnat\/1aef832ea54.html?r=1851000023636&amp;d=200000002751430\" target=\"_blank\">Calendrier &amp; R\u00e9sultats<\/a><\/p>\n<p>Championnat 2eme Div<\/p>\n<p><a href=\"http:\/\/resultats.ffbb.com\/championnat\/b5e6211dce1d.html?r=200000002706973&amp;d=200000002753535\" target=\"_blank\">Calendrier &amp; R\u00e9sultats<\/a><\/p>\n<p><a href=\"http:\/\/elanchevillybasket.fr\/wp\/wp-content\/uploads\/2014\/11\/IMG_5722-cadets.jpg\"><img loading=\"lazy\" decoding=\"async\" class=\"alignnone size-medium wp-image-1352\" src=\"http:\/\/elanchevillybasket.fr\/wp\/wp-content\/uploads\/2014\/11\/IMG_5722-cadets-300x200.jpg\" alt=\"IMG_5722 cadets\" width=\"300\" height=\"200\" srcset=\"https:\/\/elanchevillybasket.fr\/wp\/wp-content\/uploads\/2014\/11\/IMG_5722-cadets-300x200.jpg 300w, https:\/\/elanchevillybasket.fr\/wp\/wp-content\/uploads\/2014\/11\/IMG_5722-cadets-1024x682.jpg 1024w\" sizes=\"auto, (max-width: 300px) 100vw, 300px\" \/><\/a><\/p>\n","protected":false},"excerpt":{"rendered":"<p>Une \u00e9quipe entra\u00een\u00e9e par Iain Brassage Calendrier &amp; R\u00e9sultats Championnat 2eme Div Calendrier &amp; R\u00e9sultats<\/p>\n","protected":false},"author":1,"featured_media":0,"parent":1071,"menu_order":6,"comment_status":"closed","ping_status":"closed","template":"","meta":{"_s2mail":"yes","ngg_post_thumbnail":0,"jetpack_post_was_ever_published":false,"footnotes":""},"class_list":["post-1108","page","type-page","status-publish","hentry"],"jetpack_sharing_enabled":true,"jetpack_shortlink":"https:\/\/wp.me\/P48sNo-hS","_links":{"self":[{"href":"https:\/\/elanchevillybasket.fr\/wp\/index.php?rest_route=\/wp\/v2\/pages\/1108","targetHints":{"allow":["GET"]}}],"collection":[{"href":"https:\/\/elanchevillybasket.fr\/wp\/index.php?rest_route=\/wp\/v2\/pages"}],"about":[{"href":"https:\/\/elanchevillybasket.fr\/wp\/index.php?rest_route=\/wp\/v2\/types\/page"}],"author":[{"embeddable":true,"href":"https:\/\/elanchevillybasket.fr\/wp\/index.php?rest_route=\/wp\/v2\/users\/1"}],"replies":[{"embeddable":true,"href":"https:\/\/elanchevillybasket.fr\/wp\/index.php?rest_route=%2Fwp%2Fv2%2Fcomments&post=1108"}],"version-history":[{"count":6,"href":"https:\/\/elanchevillybasket.fr\/wp\/index.php?rest_route=\/wp\/v2\/pages\/1108\/revisions"}],"predecessor-version":[{"id":1821,"href":"https:\/\/elanchevillybasket.fr\/wp\/index.php?rest_route=\/wp\/v2\/pages\/1108\/revisions\/1821"}],"up":[{"embeddable":true,"href":"https:\/\/elanchevillybasket.fr\/wp\/index.php?rest_route=\/wp\/v2\/pages\/1071"}],"wp:attachment":[{"href":"https:\/\/elanchevillybasket.fr\/wp\/index.php?rest_route=%2Fwp%2Fv2%2Fmedia&parent=1108"}],"curies":[{"name":"wp","href":"https:\/\/api.w.org\/{rel}","templated":true}]}}