{"id":1118,"date":"2014-10-09T21:18:44","date_gmt":"2014-10-09T20:18:44","guid":{"rendered":"http:\/\/elanchevillybasket.fr\/wp\/?page_id=1118"},"modified":"2015-02-09T22:17:10","modified_gmt":"2015-02-09T21:17:10","slug":"seniors-feminimes","status":"publish","type":"page","link":"https:\/\/elanchevillybasket.fr\/wp\/?page_id=1118","title":{"rendered":"Seniors F\u00e9minimes"},"content":{"rendered":"<p>Notre club a cr\u00e9\u00e9 une entente\u00a0sur l&#8217;ensemble des cat\u00e9gories filles \u00a0avec le Club Athl\u00e9tique de l&#8217;Ha\u00ff-Les-Roses (CALHR). Son nom est ECHLA OUEST 94<\/p>\n<p>EXCELLENCE FEMININE D\u00e9partementale (suivre : IE &#8211; CA DE L&#8217;HAY LES ROSES &#8211; 1)<br \/>\n<a title=\"Calendrier &amp; R\u00e9sultats\" href=\"http:\/\/resultats.ffbb.com\/championnat\/b5e6211dc620.html?r=200000002704928&amp;d=200000002747056\" target=\"_blank\">Calendrier &amp; R\u00e9sultats<\/a><\/p>\n<p>PROMO EXCELLENCE FEMININE (suivre :\u00a0EN &#8211; ELAN CHEVILLY LARUE &#8211; 2)<br \/>\n<a title=\"Calendrier &amp; R\u00e9sultats\" href=\"http:\/\/resultats.ffbb.com\/championnat\/b5e6211df6c2.html?r=200000002717378&amp;d=200000002758263\" target=\"_blank\">Calendrier &amp; R\u00e9sultats<\/a><\/p>\n<p><a href=\"http:\/\/elanchevillybasket.fr\/wp\/wp-content\/uploads\/2014\/11\/IMG_6212-seniors-1.jpg\"><img loading=\"lazy\" decoding=\"async\" class=\"alignnone size-medium wp-image-1359\" src=\"http:\/\/elanchevillybasket.fr\/wp\/wp-content\/uploads\/2014\/11\/IMG_6212-seniors-1-300x199.jpg\" alt=\"IMG_6212 seniors 1\" width=\"300\" height=\"199\" srcset=\"https:\/\/elanchevillybasket.fr\/wp\/wp-content\/uploads\/2014\/11\/IMG_6212-seniors-1-300x199.jpg 300w, https:\/\/elanchevillybasket.fr\/wp\/wp-content\/uploads\/2014\/11\/IMG_6212-seniors-1-1024x682.jpg 1024w\" sizes=\"auto, (max-width: 300px) 100vw, 300px\" \/><\/a> <a href=\"http:\/\/elanchevillybasket.fr\/wp\/wp-content\/uploads\/2014\/12\/IMG_6515-seniors-filles-2.jpg\"><img loading=\"lazy\" decoding=\"async\" class=\"alignnone size-medium wp-image-1828\" src=\"http:\/\/elanchevillybasket.fr\/wp\/wp-content\/uploads\/2014\/12\/IMG_6515-seniors-filles-2-300x200.jpg\" alt=\"IMG_6515 seniors filles 2\" width=\"300\" height=\"200\" srcset=\"https:\/\/elanchevillybasket.fr\/wp\/wp-content\/uploads\/2014\/12\/IMG_6515-seniors-filles-2-300x200.jpg 300w, https:\/\/elanchevillybasket.fr\/wp\/wp-content\/uploads\/2014\/12\/IMG_6515-seniors-filles-2-1024x683.jpg 1024w\" sizes=\"auto, (max-width: 300px) 100vw, 300px\" \/><\/a><\/p>\n","protected":false},"excerpt":{"rendered":"<p>Notre club a cr\u00e9\u00e9 une entente\u00a0sur l&#8217;ensemble des cat\u00e9gories filles \u00a0avec le Club Athl\u00e9tique de l&#8217;Ha\u00ff-Les-Roses (CALHR). Son nom est ECHLA OUEST 94 EXCELLENCE FEMININE D\u00e9partementale (suivre : IE &#8211; CA DE L&#8217;HAY LES ROSES &#8211; 1) Calendrier &amp; R\u00e9sultats PROMO EXCELLENCE FEMININE (suivre :\u00a0EN &#8211; ELAN CHEVILLY LARUE &#8211; 2) Calendrier &amp; R\u00e9sultats<\/p>\n","protected":false},"author":1,"featured_media":0,"parent":1071,"menu_order":7,"comment_status":"closed","ping_status":"closed","template":"","meta":{"_s2mail":"yes","ngg_post_thumbnail":0,"jetpack_post_was_ever_published":false,"footnotes":""},"class_list":["post-1118","page","type-page","status-publish","hentry"],"jetpack_sharing_enabled":true,"jetpack_shortlink":"https:\/\/wp.me\/P48sNo-i2","_links":{"self":[{"href":"https:\/\/elanchevillybasket.fr\/wp\/index.php?rest_route=\/wp\/v2\/pages\/1118","targetHints":{"allow":["GET"]}}],"collection":[{"href":"https:\/\/elanchevillybasket.fr\/wp\/index.php?rest_route=\/wp\/v2\/pages"}],"about":[{"href":"https:\/\/elanchevillybasket.fr\/wp\/index.php?rest_route=\/wp\/v2\/types\/page"}],"author":[{"embeddable":true,"href":"https:\/\/elanchevillybasket.fr\/wp\/index.php?rest_route=\/wp\/v2\/users\/1"}],"replies":[{"embeddable":true,"href":"https:\/\/elanchevillybasket.fr\/wp\/index.php?rest_route=%2Fwp%2Fv2%2Fcomments&post=1118"}],"version-history":[{"count":8,"href":"https:\/\/elanchevillybasket.fr\/wp\/index.php?rest_route=\/wp\/v2\/pages\/1118\/revisions"}],"predecessor-version":[{"id":1858,"href":"https:\/\/elanchevillybasket.fr\/wp\/index.php?rest_route=\/wp\/v2\/pages\/1118\/revisions\/1858"}],"up":[{"embeddable":true,"href":"https:\/\/elanchevillybasket.fr\/wp\/index.php?rest_route=\/wp\/v2\/pages\/1071"}],"wp:attachment":[{"href":"https:\/\/elanchevillybasket.fr\/wp\/index.php?rest_route=%2Fwp%2Fv2%2Fmedia&parent=1118"}],"curies":[{"name":"wp","href":"https:\/\/api.w.org\/{rel}","templated":true}]}}