{"id":1119,"date":"2014-10-09T21:18:46","date_gmt":"2014-10-09T20:18:46","guid":{"rendered":"http:\/\/elanchevillybasket.fr\/wp\/?page_id=1119"},"modified":"2015-02-09T22:18:53","modified_gmt":"2015-02-09T21:18:53","slug":"seniors-masculins","status":"publish","type":"page","link":"https:\/\/elanchevillybasket.fr\/wp\/?page_id=1119","title":{"rendered":"Seniors Masculins"},"content":{"rendered":"<p>L&#8217;\u00e9quipe S\u00e9nior entrain\u00e9e par Patrick joue en Honneur Masculin<\/p>\n<p><a href=\"http:\/\/resultats.ffbb.com\/championnat\/b5e6211de933.html?r=200000002713907&amp;d=200000002750139\" target=\"_blank\">Calendrier &amp; R\u00e9sultats<\/a><\/p>\n<p><a href=\"http:\/\/elanchevillybasket.fr\/wp\/wp-content\/uploads\/2014\/12\/IMG_6562-seniors.jpg\"><img loading=\"lazy\" decoding=\"async\" class=\"alignnone size-medium wp-image-1829\" src=\"http:\/\/elanchevillybasket.fr\/wp\/wp-content\/uploads\/2014\/12\/IMG_6562-seniors-300x200.jpg\" alt=\"IMG_6562 seniors\" width=\"300\" height=\"200\" srcset=\"https:\/\/elanchevillybasket.fr\/wp\/wp-content\/uploads\/2014\/12\/IMG_6562-seniors-300x200.jpg 300w, https:\/\/elanchevillybasket.fr\/wp\/wp-content\/uploads\/2014\/12\/IMG_6562-seniors-1024x683.jpg 1024w\" sizes=\"auto, (max-width: 300px) 100vw, 300px\" \/><\/a><\/p>\n","protected":false},"excerpt":{"rendered":"<p>L&#8217;\u00e9quipe S\u00e9nior entrain\u00e9e par Patrick joue en Honneur Masculin Calendrier &amp; R\u00e9sultats<\/p>\n","protected":false},"author":1,"featured_media":0,"parent":1071,"menu_order":8,"comment_status":"closed","ping_status":"closed","template":"","meta":{"_s2mail":"yes","ngg_post_thumbnail":0,"jetpack_post_was_ever_published":false,"footnotes":""},"class_list":["post-1119","page","type-page","status-publish","hentry"],"jetpack_sharing_enabled":true,"jetpack_shortlink":"https:\/\/wp.me\/P48sNo-i3","_links":{"self":[{"href":"https:\/\/elanchevillybasket.fr\/wp\/index.php?rest_route=\/wp\/v2\/pages\/1119","targetHints":{"allow":["GET"]}}],"collection":[{"href":"https:\/\/elanchevillybasket.fr\/wp\/index.php?rest_route=\/wp\/v2\/pages"}],"about":[{"href":"https:\/\/elanchevillybasket.fr\/wp\/index.php?rest_route=\/wp\/v2\/types\/page"}],"author":[{"embeddable":true,"href":"https:\/\/elanchevillybasket.fr\/wp\/index.php?rest_route=\/wp\/v2\/users\/1"}],"replies":[{"embeddable":true,"href":"https:\/\/elanchevillybasket.fr\/wp\/index.php?rest_route=%2Fwp%2Fv2%2Fcomments&post=1119"}],"version-history":[{"count":7,"href":"https:\/\/elanchevillybasket.fr\/wp\/index.php?rest_route=\/wp\/v2\/pages\/1119\/revisions"}],"predecessor-version":[{"id":1859,"href":"https:\/\/elanchevillybasket.fr\/wp\/index.php?rest_route=\/wp\/v2\/pages\/1119\/revisions\/1859"}],"up":[{"embeddable":true,"href":"https:\/\/elanchevillybasket.fr\/wp\/index.php?rest_route=\/wp\/v2\/pages\/1071"}],"wp:attachment":[{"href":"https:\/\/elanchevillybasket.fr\/wp\/index.php?rest_route=%2Fwp%2Fv2%2Fmedia&parent=1119"}],"curies":[{"name":"wp","href":"https:\/\/api.w.org\/{rel}","templated":true}]}}