{"id":1135,"date":"2014-10-09T21:23:11","date_gmt":"2014-10-09T20:23:11","guid":{"rendered":"http:\/\/elanchevillybasket.fr\/wp\/?page_id=1135"},"modified":"2015-02-09T22:24:51","modified_gmt":"2015-02-09T21:24:51","slug":"juniors-u20","status":"publish","type":"page","link":"https:\/\/elanchevillybasket.fr\/wp\/?page_id=1135","title":{"rendered":"Juniors &#8211; U20 M"},"content":{"rendered":"<p>L&#8217;\u00e9quipe Junior est entra\u00een\u00e9e par Quentin.<\/p>\n<p>Brassage<br \/>\n<a href=\"http:\/\/resultats.ffbb.com\/championnat\/b5e6211deb33.html?r=200000002714419&amp;d=200000002751354\" target=\"_blank\">Calendrier &amp; R\u00e9sultats<\/a><\/p>\n<p>U20M &#8211; JUNIOR 2EME DIVISION<\/p>\n<p><a href=\"http:\/\/resultats.ffbb.com\/championnat\/b5e6211dcd9d.html?r=200000002706845&amp;d=200000002753530\" target=\"_blank\">Calendriers &amp; R\u00e9sultats<\/a><\/p>\n<p><a href=\"http:\/\/elanchevillybasket.fr\/wp\/wp-content\/uploads\/2014\/11\/IMG_5715-juniors.jpg\"><img loading=\"lazy\" decoding=\"async\" class=\"alignnone size-medium wp-image-1351\" src=\"http:\/\/elanchevillybasket.fr\/wp\/wp-content\/uploads\/2014\/11\/IMG_5715-juniors-300x200.jpg\" alt=\"IMG_5715 juniors\" width=\"300\" height=\"200\" srcset=\"https:\/\/elanchevillybasket.fr\/wp\/wp-content\/uploads\/2014\/11\/IMG_5715-juniors-300x200.jpg 300w, https:\/\/elanchevillybasket.fr\/wp\/wp-content\/uploads\/2014\/11\/IMG_5715-juniors-1024x682.jpg 1024w\" sizes=\"auto, (max-width: 300px) 100vw, 300px\" \/><\/a><\/p>\n<p>&nbsp;<\/p>\n","protected":false},"excerpt":{"rendered":"<p>L&#8217;\u00e9quipe Junior est entra\u00een\u00e9e par Quentin. Brassage Calendrier &amp; R\u00e9sultats U20M &#8211; JUNIOR 2EME DIVISION Calendriers &amp; R\u00e9sultats &nbsp;<\/p>\n","protected":false},"author":1,"featured_media":0,"parent":1071,"menu_order":2,"comment_status":"closed","ping_status":"closed","template":"","meta":{"_s2mail":"yes","ngg_post_thumbnail":0,"jetpack_post_was_ever_published":false,"footnotes":""},"class_list":["post-1135","page","type-page","status-publish","hentry"],"jetpack_sharing_enabled":true,"jetpack_shortlink":"https:\/\/wp.me\/P48sNo-ij","_links":{"self":[{"href":"https:\/\/elanchevillybasket.fr\/wp\/index.php?rest_route=\/wp\/v2\/pages\/1135","targetHints":{"allow":["GET"]}}],"collection":[{"href":"https:\/\/elanchevillybasket.fr\/wp\/index.php?rest_route=\/wp\/v2\/pages"}],"about":[{"href":"https:\/\/elanchevillybasket.fr\/wp\/index.php?rest_route=\/wp\/v2\/types\/page"}],"author":[{"embeddable":true,"href":"https:\/\/elanchevillybasket.fr\/wp\/index.php?rest_route=\/wp\/v2\/users\/1"}],"replies":[{"embeddable":true,"href":"https:\/\/elanchevillybasket.fr\/wp\/index.php?rest_route=%2Fwp%2Fv2%2Fcomments&post=1135"}],"version-history":[{"count":9,"href":"https:\/\/elanchevillybasket.fr\/wp\/index.php?rest_route=\/wp\/v2\/pages\/1135\/revisions"}],"predecessor-version":[{"id":1861,"href":"https:\/\/elanchevillybasket.fr\/wp\/index.php?rest_route=\/wp\/v2\/pages\/1135\/revisions\/1861"}],"up":[{"embeddable":true,"href":"https:\/\/elanchevillybasket.fr\/wp\/index.php?rest_route=\/wp\/v2\/pages\/1071"}],"wp:attachment":[{"href":"https:\/\/elanchevillybasket.fr\/wp\/index.php?rest_route=%2Fwp%2Fv2%2Fmedia&parent=1135"}],"curies":[{"name":"wp","href":"https:\/\/api.w.org\/{rel}","templated":true}]}}