{"id":1139,"date":"2014-10-09T21:25:23","date_gmt":"2014-10-09T20:25:23","guid":{"rendered":"http:\/\/elanchevillybasket.fr\/wp\/?page_id=1139"},"modified":"2015-02-09T22:31:24","modified_gmt":"2015-02-09T21:31:24","slug":"minimes-filles-u15-f","status":"publish","type":"page","link":"https:\/\/elanchevillybasket.fr\/wp\/?page_id=1139","title":{"rendered":"Minimes Filles &#8211; U15 F"},"content":{"rendered":"<p style=\"text-align: left;\">Notre club a cr\u00e9\u00e9 une entente\u00a0sur l&#8217;ensemble des cat\u00e9gories filles \u00a0avec le Club Athl\u00e9tique de l&#8217;Ha\u00ff-Les-Roses (CALHR). Son nom est ECHLA OUEST 94<\/p>\n<p style=\"text-align: left;\">L&#8217;\u00e9quipe est entra\u00een\u00e9e par Patrice et Luigi<\/p>\n<p>IE &#8211; ELAN CHEVILLY LARUE\u00a0(R\u00e9gion promotionnelle)<br \/>\n<a href=\"http:\/\/resultats.ffbb.com\/championnat\/b5e6211df450.html?r=200000002716752&amp;d=200000002757261\" target=\"_blank\">Calendrier &amp; R\u00e9sultats<\/a><\/p>\n<p><a href=\"http:\/\/elanchevillybasket.fr\/wp\/wp-content\/uploads\/2014\/11\/IMG_5796-minimes.jpg\"><img loading=\"lazy\" decoding=\"async\" class=\"alignnone size-medium wp-image-1357\" src=\"http:\/\/elanchevillybasket.fr\/wp\/wp-content\/uploads\/2014\/11\/IMG_5796-minimes-300x200.jpg\" alt=\"IMG_5796 minimes\" width=\"300\" height=\"200\" srcset=\"https:\/\/elanchevillybasket.fr\/wp\/wp-content\/uploads\/2014\/11\/IMG_5796-minimes-300x200.jpg 300w, https:\/\/elanchevillybasket.fr\/wp\/wp-content\/uploads\/2014\/11\/IMG_5796-minimes-1024x682.jpg 1024w\" sizes=\"auto, (max-width: 300px) 100vw, 300px\" \/><\/a><\/p>\n","protected":false},"excerpt":{"rendered":"<p>Notre club a cr\u00e9\u00e9 une entente\u00a0sur l&#8217;ensemble des cat\u00e9gories filles \u00a0avec le Club Athl\u00e9tique de l&#8217;Ha\u00ff-Les-Roses (CALHR). Son nom est ECHLA OUEST 94 L&#8217;\u00e9quipe est entra\u00een\u00e9e par Patrice et Luigi IE &#8211; ELAN CHEVILLY LARUE\u00a0(R\u00e9gion promotionnelle) Calendrier &amp; R\u00e9sultats<\/p>\n","protected":false},"author":1,"featured_media":0,"parent":1071,"menu_order":4,"comment_status":"closed","ping_status":"closed","template":"","meta":{"_s2mail":"yes","ngg_post_thumbnail":0,"jetpack_post_was_ever_published":false,"footnotes":""},"class_list":["post-1139","page","type-page","status-publish","hentry"],"jetpack_sharing_enabled":true,"jetpack_shortlink":"https:\/\/wp.me\/P48sNo-in","_links":{"self":[{"href":"https:\/\/elanchevillybasket.fr\/wp\/index.php?rest_route=\/wp\/v2\/pages\/1139","targetHints":{"allow":["GET"]}}],"collection":[{"href":"https:\/\/elanchevillybasket.fr\/wp\/index.php?rest_route=\/wp\/v2\/pages"}],"about":[{"href":"https:\/\/elanchevillybasket.fr\/wp\/index.php?rest_route=\/wp\/v2\/types\/page"}],"author":[{"embeddable":true,"href":"https:\/\/elanchevillybasket.fr\/wp\/index.php?rest_route=\/wp\/v2\/users\/1"}],"replies":[{"embeddable":true,"href":"https:\/\/elanchevillybasket.fr\/wp\/index.php?rest_route=%2Fwp%2Fv2%2Fcomments&post=1139"}],"version-history":[{"count":9,"href":"https:\/\/elanchevillybasket.fr\/wp\/index.php?rest_route=\/wp\/v2\/pages\/1139\/revisions"}],"predecessor-version":[{"id":1864,"href":"https:\/\/elanchevillybasket.fr\/wp\/index.php?rest_route=\/wp\/v2\/pages\/1139\/revisions\/1864"}],"up":[{"embeddable":true,"href":"https:\/\/elanchevillybasket.fr\/wp\/index.php?rest_route=\/wp\/v2\/pages\/1071"}],"wp:attachment":[{"href":"https:\/\/elanchevillybasket.fr\/wp\/index.php?rest_route=%2Fwp%2Fv2%2Fmedia&parent=1139"}],"curies":[{"name":"wp","href":"https:\/\/api.w.org\/{rel}","templated":true}]}}