{"id":1170,"date":"2014-10-09T22:25:08","date_gmt":"2014-10-09T21:25:08","guid":{"rendered":"http:\/\/elanchevillybasket.fr\/wp\/?page_id=1170"},"modified":"2015-02-09T22:39:14","modified_gmt":"2015-02-09T21:39:14","slug":"benjamins-u13-m","status":"publish","type":"page","link":"https:\/\/elanchevillybasket.fr\/wp\/?page_id=1170","title":{"rendered":"Benjamins &#8211; U13 M"},"content":{"rendered":"<p>Deux \u00e9quipes entra\u00een\u00e9es par Patrick et Florian<\/p>\n<p>U13M &#8211; Benjamin 1\u00e8re Division<a href=\"http:\/\/resultats.ffbb.com\/championnat\/b5e6211dc962.html?r=200000002705762&amp;d=200000002751453\" target=\"_blank\"><br \/>\n<\/a><a href=\"http:\/\/resultats.ffbb.com\/championnat\/b5e6211df3e8.html?r=200000002716648&amp;d=200000002757044\" target=\"_blank\">Calendrier &amp; R\u00e9sultats<\/a><\/p>\n<p>U13M &#8211; Benjamin 3\u00e8me Division<a href=\"http:\/\/resultats.ffbb.com\/championnat\/b5e6211dc962.html?r=200000002705762&amp;d=200000002751453\" target=\"_blank\"><br \/>\n<\/a><a href=\"http:\/\/resultats.ffbb.com\/championnat\/b5e6211dce1a.html?r=200000002706970&amp;d=200000002757038\" target=\"_blank\">Calendrier &amp; R\u00e9sultats<\/a><\/p>\n<p><a href=\"http:\/\/elanchevillybasket.fr\/wp\/wp-content\/uploads\/2014\/12\/IMG_6530-benjamins.jpg\"><img loading=\"lazy\" decoding=\"async\" class=\"alignnone size-medium wp-image-1814\" src=\"http:\/\/elanchevillybasket.fr\/wp\/wp-content\/uploads\/2014\/12\/IMG_6530-benjamins-300x200.jpg\" alt=\"IMG_6530 benjamins\" width=\"300\" height=\"200\" srcset=\"https:\/\/elanchevillybasket.fr\/wp\/wp-content\/uploads\/2014\/12\/IMG_6530-benjamins-300x200.jpg 300w, https:\/\/elanchevillybasket.fr\/wp\/wp-content\/uploads\/2014\/12\/IMG_6530-benjamins-1024x683.jpg 1024w\" sizes=\"auto, (max-width: 300px) 100vw, 300px\" \/><\/a> <a href=\"http:\/\/elanchevillybasket.fr\/wp\/wp-content\/uploads\/2014\/12\/IMG_6525-benjamins.jpg\"><img loading=\"lazy\" decoding=\"async\" class=\"alignnone size-medium wp-image-1813\" src=\"http:\/\/elanchevillybasket.fr\/wp\/wp-content\/uploads\/2014\/12\/IMG_6525-benjamins-300x200.jpg\" alt=\"IMG_6525 benjamins\" width=\"300\" height=\"200\" srcset=\"https:\/\/elanchevillybasket.fr\/wp\/wp-content\/uploads\/2014\/12\/IMG_6525-benjamins-300x200.jpg 300w, https:\/\/elanchevillybasket.fr\/wp\/wp-content\/uploads\/2014\/12\/IMG_6525-benjamins-1024x683.jpg 1024w\" sizes=\"auto, (max-width: 300px) 100vw, 300px\" \/><\/a><\/p>\n","protected":false},"excerpt":{"rendered":"<p>Deux \u00e9quipes entra\u00een\u00e9es par Patrick et Florian U13M &#8211; Benjamin 1\u00e8re Division Calendrier &amp; R\u00e9sultats U13M &#8211; Benjamin 3\u00e8me Division Calendrier &amp; R\u00e9sultats<\/p>\n","protected":false},"author":1,"featured_media":0,"parent":1071,"menu_order":3,"comment_status":"closed","ping_status":"closed","template":"","meta":{"_s2mail":"yes","ngg_post_thumbnail":0,"jetpack_post_was_ever_published":false,"footnotes":""},"class_list":["post-1170","page","type-page","status-publish","hentry"],"jetpack_sharing_enabled":true,"jetpack_shortlink":"https:\/\/wp.me\/P48sNo-iS","_links":{"self":[{"href":"https:\/\/elanchevillybasket.fr\/wp\/index.php?rest_route=\/wp\/v2\/pages\/1170","targetHints":{"allow":["GET"]}}],"collection":[{"href":"https:\/\/elanchevillybasket.fr\/wp\/index.php?rest_route=\/wp\/v2\/pages"}],"about":[{"href":"https:\/\/elanchevillybasket.fr\/wp\/index.php?rest_route=\/wp\/v2\/types\/page"}],"author":[{"embeddable":true,"href":"https:\/\/elanchevillybasket.fr\/wp\/index.php?rest_route=\/wp\/v2\/users\/1"}],"replies":[{"embeddable":true,"href":"https:\/\/elanchevillybasket.fr\/wp\/index.php?rest_route=%2Fwp%2Fv2%2Fcomments&post=1170"}],"version-history":[{"count":9,"href":"https:\/\/elanchevillybasket.fr\/wp\/index.php?rest_route=\/wp\/v2\/pages\/1170\/revisions"}],"predecessor-version":[{"id":1870,"href":"https:\/\/elanchevillybasket.fr\/wp\/index.php?rest_route=\/wp\/v2\/pages\/1170\/revisions\/1870"}],"up":[{"embeddable":true,"href":"https:\/\/elanchevillybasket.fr\/wp\/index.php?rest_route=\/wp\/v2\/pages\/1071"}],"wp:attachment":[{"href":"https:\/\/elanchevillybasket.fr\/wp\/index.php?rest_route=%2Fwp%2Fv2%2Fmedia&parent=1170"}],"curies":[{"name":"wp","href":"https:\/\/api.w.org\/{rel}","templated":true}]}}