{"id":130,"date":"2013-10-12T23:06:58","date_gmt":"2013-10-12T22:06:58","guid":{"rendered":"http:\/\/bbelan94.olympe.in\/SITE\/?page_id=130"},"modified":"2014-10-09T21:05:07","modified_gmt":"2014-10-09T20:05:07","slug":"calendrier-saison-2013-2014","status":"publish","type":"page","link":"https:\/\/elanchevillybasket.fr\/wp\/?page_id=130","title":{"rendered":"Cadettes &#8211; U17 F &#8211; 2014"},"content":{"rendered":"<p style=\"text-align: left;\">Notre club a cr\u00e9\u00e9 un entente\u00a0sur la cat\u00e9gorie cadettes avec le Club Athl\u00e9tique de l&#8217;Ha\u00ff-Les-Roses (CALHR).<\/p>\n<p style=\"text-align: left;\">Le nom donn\u00e9 \u00e0 l&#8217;entente est Entente Ouest 94 !<\/p>\n<p style=\"text-align: left;\">Deux \u00e9quipes sont form\u00e9es dans le cadre de\u00a0ce partenariat\u00a0:<br \/>\nLes cadettes Entente Ouest 94 &#8211; 1 jouent en 2\u00e8me division R\u00e9gion Ile-de-France.<br \/>\nLes cadettes Entente Ouest 94 &#8211; 2 jouent en 2\u00e8me division d\u00e9partementale.<\/p>\n<p style=\"text-align: left;\">Les 2 \u00e9quipes sont\u00a0entra\u00een\u00e9es par Siegfried (CALHR), S\u00e9bastien et Florian.<\/p>\n<p>Calendrier &amp; R\u00e9sultats<br \/>\n<a href=\"http:\/\/resultats.ffbb.com\/championnat\/b5e6211dccc3.html?r=200000002708511&amp;d=200000002740633&amp;p=1\" target=\"_blank\">Entente Ouest 94 &#8211; 1<\/a><br \/>\n<a href=\"http:\/\/resultats.ffbb.com\/championnat\/b5e6211dce55.html?r=200000002707029&amp;d=200000002736943\" target=\"_blank\">Entente Ouest 94 &#8211; 2<\/a><\/p>\n<p><a href=\"http:\/\/elanchevillybasket.fr\/wp\/wp-content\/uploads\/2013\/10\/Cadettes-Minimes-Filles_IMG_04961.jpg\"><img loading=\"lazy\" decoding=\"async\" class=\"alignnone size-medium wp-image-179\" alt=\"Cadettes Minimes Filles_IMG_0496\" src=\"http:\/\/elanchevillybasket.fr\/wp\/wp-content\/uploads\/2013\/10\/Cadettes-Minimes-Filles_IMG_04961-300x200.jpg\" width=\"300\" height=\"200\" srcset=\"https:\/\/elanchevillybasket.fr\/wp\/wp-content\/uploads\/2013\/10\/Cadettes-Minimes-Filles_IMG_04961-300x200.jpg 300w, https:\/\/elanchevillybasket.fr\/wp\/wp-content\/uploads\/2013\/10\/Cadettes-Minimes-Filles_IMG_04961-1024x682.jpg 1024w\" sizes=\"auto, (max-width: 300px) 100vw, 300px\" \/><\/a><\/p>\n","protected":false},"excerpt":{"rendered":"<p>Notre club a cr\u00e9\u00e9 un entente\u00a0sur la cat\u00e9gorie cadettes avec le Club Athl\u00e9tique de l&#8217;Ha\u00ff-Les-Roses (CALHR). Le nom donn\u00e9 \u00e0 l&#8217;entente est Entente Ouest 94 ! Deux \u00e9quipes sont form\u00e9es dans le cadre de\u00a0ce partenariat\u00a0: Les cadettes Entente Ouest 94 &#8211; 1 jouent en 2\u00e8me division R\u00e9gion Ile-de-France. Les cadettes Entente Ouest 94 &#8211; 2 [&hellip;]<\/p>\n","protected":false},"author":1,"featured_media":0,"parent":136,"menu_order":5,"comment_status":"closed","ping_status":"closed","template":"","meta":{"_s2mail":"yes","ngg_post_thumbnail":0,"footnotes":""},"class_list":["post-130","page","type-page","status-publish","hentry"],"jetpack_sharing_enabled":true,"jetpack_shortlink":"https:\/\/wp.me\/P48sNo-26","_links":{"self":[{"href":"https:\/\/elanchevillybasket.fr\/wp\/index.php?rest_route=\/wp\/v2\/pages\/130","targetHints":{"allow":["GET"]}}],"collection":[{"href":"https:\/\/elanchevillybasket.fr\/wp\/index.php?rest_route=\/wp\/v2\/pages"}],"about":[{"href":"https:\/\/elanchevillybasket.fr\/wp\/index.php?rest_route=\/wp\/v2\/types\/page"}],"author":[{"embeddable":true,"href":"https:\/\/elanchevillybasket.fr\/wp\/index.php?rest_route=\/wp\/v2\/users\/1"}],"replies":[{"embeddable":true,"href":"https:\/\/elanchevillybasket.fr\/wp\/index.php?rest_route=%2Fwp%2Fv2%2Fcomments&post=130"}],"version-history":[{"count":10,"href":"https:\/\/elanchevillybasket.fr\/wp\/index.php?rest_route=\/wp\/v2\/pages\/130\/revisions"}],"predecessor-version":[{"id":1095,"href":"https:\/\/elanchevillybasket.fr\/wp\/index.php?rest_route=\/wp\/v2\/pages\/130\/revisions\/1095"}],"up":[{"embeddable":true,"href":"https:\/\/elanchevillybasket.fr\/wp\/index.php?rest_route=\/wp\/v2\/pages\/136"}],"wp:attachment":[{"href":"https:\/\/elanchevillybasket.fr\/wp\/index.php?rest_route=%2Fwp%2Fv2%2Fmedia&parent=130"}],"curies":[{"name":"wp","href":"https:\/\/api.w.org\/{rel}","templated":true}]}}