{"id":136,"date":"2013-10-13T10:25:52","date_gmt":"2013-10-13T09:25:52","guid":{"rendered":"http:\/\/bbelan94.olympe.in\/SITE\/?page_id=136"},"modified":"2013-12-22T12:44:26","modified_gmt":"2013-12-22T11:44:26","slug":"saison-2013-2014","status":"publish","type":"page","link":"https:\/\/elanchevillybasket.fr\/wp\/?page_id=136","title":{"rendered":"Saison 2013-2014"},"content":{"rendered":"<p>Vous trouverez dans cette section l&#8217;ensemble des \u00e9quipes du club de Chevilly Larue Basket-Ball.<\/p>\n<p>Les liens vers les r\u00e9sultats de nos \u00e9quipes directement sur le site de la f\u00e9d\u00e9ration fran\u00e7aise de basket ball.<\/p>\n","protected":false},"excerpt":{"rendered":"<p>Vous trouverez dans cette section l&#8217;ensemble des \u00e9quipes du club de Chevilly Larue Basket-Ball. Les liens vers les r\u00e9sultats de nos \u00e9quipes directement sur le site de la f\u00e9d\u00e9ration fran\u00e7aise de basket ball.<\/p>\n","protected":false},"author":1,"featured_media":0,"parent":0,"menu_order":0,"comment_status":"closed","ping_status":"open","template":"","meta":{"_s2mail":"yes","ngg_post_thumbnail":0,"jetpack_post_was_ever_published":false,"footnotes":""},"class_list":["post-136","page","type-page","status-publish","hentry"],"jetpack_sharing_enabled":true,"jetpack_shortlink":"https:\/\/wp.me\/P48sNo-2c","_links":{"self":[{"href":"https:\/\/elanchevillybasket.fr\/wp\/index.php?rest_route=\/wp\/v2\/pages\/136","targetHints":{"allow":["GET"]}}],"collection":[{"href":"https:\/\/elanchevillybasket.fr\/wp\/index.php?rest_route=\/wp\/v2\/pages"}],"about":[{"href":"https:\/\/elanchevillybasket.fr\/wp\/index.php?rest_route=\/wp\/v2\/types\/page"}],"author":[{"embeddable":true,"href":"https:\/\/elanchevillybasket.fr\/wp\/index.php?rest_route=\/wp\/v2\/users\/1"}],"replies":[{"embeddable":true,"href":"https:\/\/elanchevillybasket.fr\/wp\/index.php?rest_route=%2Fwp%2Fv2%2Fcomments&post=136"}],"version-history":[{"count":3,"href":"https:\/\/elanchevillybasket.fr\/wp\/index.php?rest_route=\/wp\/v2\/pages\/136\/revisions"}],"predecessor-version":[{"id":753,"href":"https:\/\/elanchevillybasket.fr\/wp\/index.php?rest_route=\/wp\/v2\/pages\/136\/revisions\/753"}],"wp:attachment":[{"href":"https:\/\/elanchevillybasket.fr\/wp\/index.php?rest_route=%2Fwp%2Fv2%2Fmedia&parent=136"}],"curies":[{"name":"wp","href":"https:\/\/api.w.org\/{rel}","templated":true}]}}