{"id":153,"date":"2013-10-19T09:53:03","date_gmt":"2013-10-19T08:53:03","guid":{"rendered":"http:\/\/bbelan94.olympe.in\/SITE\/?page_id=153"},"modified":"2014-10-09T21:05:00","modified_gmt":"2014-10-09T20:05:00","slug":"u17-m","status":"publish","type":"page","link":"https:\/\/elanchevillybasket.fr\/wp\/?page_id=153","title":{"rendered":"Cadets &#8211; U17 M &#8211; 2014"},"content":{"rendered":"<p>Une \u00e9quipe entra\u00een\u00e9e par Iain et Margaux.<\/p>\n<p>L&#8217;\u00e9quipe\u00a0joue en 2\u00e8me division d\u00e9partementale.<\/p>\n<p><a title=\"Calendrier &amp; R\u00e9sultats\" href=\"http:\/\/resultats.ffbb.com\/championnat\/b5e6211dce1d.html?r=200000002706973&amp;d=200000002736845\" target=\"_blank\">Calendrier &amp; R\u00e9sultats<\/a><\/p>\n<p><a href=\"http:\/\/elanchevillybasket.fr\/wp\/wp-content\/uploads\/2013\/10\/Cadets_IMG_04301.jpg\"><img loading=\"lazy\" decoding=\"async\" class=\"alignnone size-medium wp-image-174\" alt=\"Cadets_IMG_0430\" src=\"http:\/\/elanchevillybasket.fr\/wp\/wp-content\/uploads\/2013\/10\/Cadets_IMG_04301-300x200.jpg\" width=\"300\" height=\"200\" srcset=\"https:\/\/elanchevillybasket.fr\/wp\/wp-content\/uploads\/2013\/10\/Cadets_IMG_04301-300x200.jpg 300w, https:\/\/elanchevillybasket.fr\/wp\/wp-content\/uploads\/2013\/10\/Cadets_IMG_04301-1024x682.jpg 1024w\" sizes=\"auto, (max-width: 300px) 100vw, 300px\" \/><\/a><\/p>\n","protected":false},"excerpt":{"rendered":"<p>Une \u00e9quipe entra\u00een\u00e9e par Iain et Margaux. L&#8217;\u00e9quipe\u00a0joue en 2\u00e8me division d\u00e9partementale. Calendrier &amp; R\u00e9sultats<\/p>\n","protected":false},"author":1,"featured_media":0,"parent":136,"menu_order":6,"comment_status":"closed","ping_status":"closed","template":"","meta":{"_s2mail":"yes","ngg_post_thumbnail":0,"jetpack_post_was_ever_published":false,"footnotes":""},"class_list":["post-153","page","type-page","status-publish","hentry"],"jetpack_sharing_enabled":true,"jetpack_shortlink":"https:\/\/wp.me\/P48sNo-2t","_links":{"self":[{"href":"https:\/\/elanchevillybasket.fr\/wp\/index.php?rest_route=\/wp\/v2\/pages\/153","targetHints":{"allow":["GET"]}}],"collection":[{"href":"https:\/\/elanchevillybasket.fr\/wp\/index.php?rest_route=\/wp\/v2\/pages"}],"about":[{"href":"https:\/\/elanchevillybasket.fr\/wp\/index.php?rest_route=\/wp\/v2\/types\/page"}],"author":[{"embeddable":true,"href":"https:\/\/elanchevillybasket.fr\/wp\/index.php?rest_route=\/wp\/v2\/users\/1"}],"replies":[{"embeddable":true,"href":"https:\/\/elanchevillybasket.fr\/wp\/index.php?rest_route=%2Fwp%2Fv2%2Fcomments&post=153"}],"version-history":[{"count":5,"href":"https:\/\/elanchevillybasket.fr\/wp\/index.php?rest_route=\/wp\/v2\/pages\/153\/revisions"}],"predecessor-version":[{"id":1094,"href":"https:\/\/elanchevillybasket.fr\/wp\/index.php?rest_route=\/wp\/v2\/pages\/153\/revisions\/1094"}],"up":[{"embeddable":true,"href":"https:\/\/elanchevillybasket.fr\/wp\/index.php?rest_route=\/wp\/v2\/pages\/136"}],"wp:attachment":[{"href":"https:\/\/elanchevillybasket.fr\/wp\/index.php?rest_route=%2Fwp%2Fv2%2Fmedia&parent=153"}],"curies":[{"name":"wp","href":"https:\/\/api.w.org\/{rel}","templated":true}]}}