{"id":157,"date":"2013-10-19T09:59:36","date_gmt":"2013-10-19T08:59:36","guid":{"rendered":"http:\/\/bbelan94.olympe.in\/SITE\/?page_id=157"},"modified":"2014-10-09T21:05:27","modified_gmt":"2014-10-09T20:05:27","slug":"ped-masculin-1","status":"publish","type":"page","link":"https:\/\/elanchevillybasket.fr\/wp\/?page_id=157","title":{"rendered":"Seniors Masculins &#8211; 2014"},"content":{"rendered":"<p>Deux \u00e9quipes entra\u00een\u00e9es par Patrice aid\u00e9 de Sofiane.<\/p>\n<p>L&#8217;\u00e9quipe 1 joue en Promotion Excellence d\u00e9partementale.<br \/>\nL&#8217;\u00e9quipe 2\u00a0 joue en Honneur\u00a0d\u00e9partementale.<\/p>\n<p>Calendrier &amp; R\u00e9sultats<br \/>\n<a href=\"http:\/\/resultats.ffbb.com\/championnat\/b5e6211dc3bb.html?r=200000002704315&amp;d=200000002729516\" target=\"_blank\">Equipe 1<\/a><br \/>\n<a href=\"http:\/\/resultats.ffbb.com\/championnat\/b5e6211dc8d8.html?r=200000002705624&amp;d=200000002734105\" target=\"_blank\">Equipe 2<\/a><br \/>\n<a href=\"http:\/\/elanchevillybasket.fr\/wp\/wp-content\/uploads\/2013\/10\/Seniors_IMG_0466.jpg\"><img loading=\"lazy\" decoding=\"async\" width=\"300\" height=\"200\" class=\"alignnone  wp-image-223\" alt=\"Seniors_IMG_0466\" src=\"http:\/\/elanchevillybasket.fr\/wp\/wp-content\/uploads\/2013\/10\/Seniors_IMG_0466-300x200.jpg\" srcset=\"https:\/\/elanchevillybasket.fr\/wp\/wp-content\/uploads\/2013\/10\/Seniors_IMG_0466-300x200.jpg 300w, https:\/\/elanchevillybasket.fr\/wp\/wp-content\/uploads\/2013\/10\/Seniors_IMG_0466-1024x682.jpg 1024w\" sizes=\"auto, (max-width: 300px) 100vw, 300px\" \/><\/a><\/p>\n","protected":false},"excerpt":{"rendered":"<p>Deux \u00e9quipes entra\u00een\u00e9es par Patrice aid\u00e9 de Sofiane. L&#8217;\u00e9quipe 1 joue en Promotion Excellence d\u00e9partementale. L&#8217;\u00e9quipe 2\u00a0 joue en Honneur\u00a0d\u00e9partementale. Calendrier &amp; R\u00e9sultats Equipe 1 Equipe 2<\/p>\n","protected":false},"author":1,"featured_media":0,"parent":136,"menu_order":8,"comment_status":"closed","ping_status":"closed","template":"","meta":{"_s2mail":"yes","ngg_post_thumbnail":0,"jetpack_post_was_ever_published":false,"footnotes":""},"class_list":["post-157","page","type-page","status-publish","hentry"],"jetpack_sharing_enabled":true,"jetpack_shortlink":"https:\/\/wp.me\/P48sNo-2x","_links":{"self":[{"href":"https:\/\/elanchevillybasket.fr\/wp\/index.php?rest_route=\/wp\/v2\/pages\/157","targetHints":{"allow":["GET"]}}],"collection":[{"href":"https:\/\/elanchevillybasket.fr\/wp\/index.php?rest_route=\/wp\/v2\/pages"}],"about":[{"href":"https:\/\/elanchevillybasket.fr\/wp\/index.php?rest_route=\/wp\/v2\/types\/page"}],"author":[{"embeddable":true,"href":"https:\/\/elanchevillybasket.fr\/wp\/index.php?rest_route=\/wp\/v2\/users\/1"}],"replies":[{"embeddable":true,"href":"https:\/\/elanchevillybasket.fr\/wp\/index.php?rest_route=%2Fwp%2Fv2%2Fcomments&post=157"}],"version-history":[{"count":2,"href":"https:\/\/elanchevillybasket.fr\/wp\/index.php?rest_route=\/wp\/v2\/pages\/157\/revisions"}],"predecessor-version":[{"id":1097,"href":"https:\/\/elanchevillybasket.fr\/wp\/index.php?rest_route=\/wp\/v2\/pages\/157\/revisions\/1097"}],"up":[{"embeddable":true,"href":"https:\/\/elanchevillybasket.fr\/wp\/index.php?rest_route=\/wp\/v2\/pages\/136"}],"wp:attachment":[{"href":"https:\/\/elanchevillybasket.fr\/wp\/index.php?rest_route=%2Fwp%2Fv2%2Fmedia&parent=157"}],"curies":[{"name":"wp","href":"https:\/\/api.w.org\/{rel}","templated":true}]}}