{"id":162,"date":"2013-10-19T10:05:58","date_gmt":"2013-10-19T09:05:58","guid":{"rendered":"http:\/\/bbelan94.olympe.in\/SITE\/?page_id=162"},"modified":"2014-10-09T21:05:16","modified_gmt":"2014-10-09T20:05:16","slug":"ed-feminine","status":"publish","type":"page","link":"https:\/\/elanchevillybasket.fr\/wp\/?page_id=162","title":{"rendered":"Seniors F\u00e9minimes &#8211; 2014"},"content":{"rendered":"<p>L&#8217;\u00e9quipe entra\u00een\u00e9e par Faresse\u00a0 joue en Promotion Excellence\u00a0d\u00e9partementale.<\/p>\n<p><a title=\"Calendrier &amp; R\u00e9sultats\" href=\"http:\/\/resultats.ffbb.com\/championnat\/b5e6211dcde7.html?r=200000002706919&amp;d=200000002736767\" target=\"_blank\">Calendrier &amp; R\u00e9sultats<\/a><br \/>\n<a href=\"http:\/\/elanchevillybasket.fr\/wp\/wp-content\/uploads\/2013\/10\/Seniors-Filles_IMG_0432.jpg\"><img loading=\"lazy\" decoding=\"async\" class=\"alignnone size-medium wp-image-217\" alt=\"Seniors Filles_IMG_0432\" src=\"http:\/\/elanchevillybasket.fr\/wp\/wp-content\/uploads\/2013\/10\/Seniors-Filles_IMG_0432-300x200.jpg\" width=\"300\" height=\"200\" srcset=\"https:\/\/elanchevillybasket.fr\/wp\/wp-content\/uploads\/2013\/10\/Seniors-Filles_IMG_0432-300x200.jpg 300w, https:\/\/elanchevillybasket.fr\/wp\/wp-content\/uploads\/2013\/10\/Seniors-Filles_IMG_0432-1024x682.jpg 1024w\" sizes=\"auto, (max-width: 300px) 100vw, 300px\" \/><\/a><\/p>\n","protected":false},"excerpt":{"rendered":"<p>L&#8217;\u00e9quipe entra\u00een\u00e9e par Faresse\u00a0 joue en Promotion Excellence\u00a0d\u00e9partementale. Calendrier &amp; R\u00e9sultats<\/p>\n","protected":false},"author":1,"featured_media":0,"parent":136,"menu_order":7,"comment_status":"closed","ping_status":"closed","template":"","meta":{"_s2mail":"yes","ngg_post_thumbnail":0,"jetpack_post_was_ever_published":false,"footnotes":""},"class_list":["post-162","page","type-page","status-publish","hentry"],"jetpack_sharing_enabled":true,"jetpack_shortlink":"https:\/\/wp.me\/P48sNo-2C","_links":{"self":[{"href":"https:\/\/elanchevillybasket.fr\/wp\/index.php?rest_route=\/wp\/v2\/pages\/162","targetHints":{"allow":["GET"]}}],"collection":[{"href":"https:\/\/elanchevillybasket.fr\/wp\/index.php?rest_route=\/wp\/v2\/pages"}],"about":[{"href":"https:\/\/elanchevillybasket.fr\/wp\/index.php?rest_route=\/wp\/v2\/types\/page"}],"author":[{"embeddable":true,"href":"https:\/\/elanchevillybasket.fr\/wp\/index.php?rest_route=\/wp\/v2\/users\/1"}],"replies":[{"embeddable":true,"href":"https:\/\/elanchevillybasket.fr\/wp\/index.php?rest_route=%2Fwp%2Fv2%2Fcomments&post=162"}],"version-history":[{"count":5,"href":"https:\/\/elanchevillybasket.fr\/wp\/index.php?rest_route=\/wp\/v2\/pages\/162\/revisions"}],"predecessor-version":[{"id":1096,"href":"https:\/\/elanchevillybasket.fr\/wp\/index.php?rest_route=\/wp\/v2\/pages\/162\/revisions\/1096"}],"up":[{"embeddable":true,"href":"https:\/\/elanchevillybasket.fr\/wp\/index.php?rest_route=\/wp\/v2\/pages\/136"}],"wp:attachment":[{"href":"https:\/\/elanchevillybasket.fr\/wp\/index.php?rest_route=%2Fwp%2Fv2%2Fmedia&parent=162"}],"curies":[{"name":"wp","href":"https:\/\/api.w.org\/{rel}","templated":true}]}}