{"id":164,"date":"2013-10-19T10:09:29","date_gmt":"2013-10-19T09:09:29","guid":{"rendered":"http:\/\/bbelan94.olympe.in\/SITE\/?page_id=164"},"modified":"2014-10-09T21:04:19","modified_gmt":"2014-10-09T20:04:19","slug":"u13-m","status":"publish","type":"page","link":"https:\/\/elanchevillybasket.fr\/wp\/?page_id=164","title":{"rendered":"Benjamins et Benjamines &#8211; U13 M et U13F &#8211; 2014"},"content":{"rendered":"<p>Deux \u00e9quipes entra\u00een\u00e9es par Herv\u00e9 aid\u00e9 de\u00a0Lucas.<\/p>\n<p>L&#8217;\u00e9quipe 1 joue en 2\u00e8me division d\u00e9partementale.<br \/>\nL&#8217;\u00e9quipe 2 (mixte) joue en 3\u00e8me division d\u00e9partementale.<\/p>\n<p>Calendrier &amp; R\u00e9sultats<br \/>\n<a href=\"http:\/\/resultats.ffbb.com\/championnat\/b5e6211dce19.html?r=200000002706969&amp;d=200000002736836\" target=\"_blank\">Equipe 1<\/a><br \/>\n<a href=\"http:\/\/resultats.ffbb.com\/championnat\/b5e6211dce1a.html?r=200000002706970&amp;d=200000002736841\" target=\"_blank\">Equipe 2<\/a><\/p>\n<p><a href=\"http:\/\/elanchevillybasket.fr\/wp\/wp-content\/uploads\/2013\/10\/Benjamins-Benjamines_IMG_04921.jpg\"><img loading=\"lazy\" decoding=\"async\" class=\"alignnone size-medium wp-image-169\" alt=\"Benjamins Benjamines_IMG_0492\" src=\"http:\/\/elanchevillybasket.fr\/wp\/wp-content\/uploads\/2013\/10\/Benjamins-Benjamines_IMG_04921-300x200.jpg\" width=\"300\" height=\"200\" srcset=\"https:\/\/elanchevillybasket.fr\/wp\/wp-content\/uploads\/2013\/10\/Benjamins-Benjamines_IMG_04921-300x200.jpg 300w, https:\/\/elanchevillybasket.fr\/wp\/wp-content\/uploads\/2013\/10\/Benjamins-Benjamines_IMG_04921-1024x682.jpg 1024w\" sizes=\"auto, (max-width: 300px) 100vw, 300px\" \/><\/a><\/p>\n","protected":false},"excerpt":{"rendered":"<p>Deux \u00e9quipes entra\u00een\u00e9es par Herv\u00e9 aid\u00e9 de\u00a0Lucas. L&#8217;\u00e9quipe 1 joue en 2\u00e8me division d\u00e9partementale. L&#8217;\u00e9quipe 2 (mixte) joue en 3\u00e8me division d\u00e9partementale. Calendrier &amp; R\u00e9sultats Equipe 1 Equipe 2<\/p>\n","protected":false},"author":1,"featured_media":0,"parent":136,"menu_order":3,"comment_status":"closed","ping_status":"closed","template":"","meta":{"_s2mail":"yes","ngg_post_thumbnail":0,"jetpack_post_was_ever_published":false,"footnotes":""},"class_list":["post-164","page","type-page","status-publish","hentry"],"jetpack_sharing_enabled":true,"jetpack_shortlink":"https:\/\/wp.me\/P48sNo-2E","_links":{"self":[{"href":"https:\/\/elanchevillybasket.fr\/wp\/index.php?rest_route=\/wp\/v2\/pages\/164","targetHints":{"allow":["GET"]}}],"collection":[{"href":"https:\/\/elanchevillybasket.fr\/wp\/index.php?rest_route=\/wp\/v2\/pages"}],"about":[{"href":"https:\/\/elanchevillybasket.fr\/wp\/index.php?rest_route=\/wp\/v2\/types\/page"}],"author":[{"embeddable":true,"href":"https:\/\/elanchevillybasket.fr\/wp\/index.php?rest_route=\/wp\/v2\/users\/1"}],"replies":[{"embeddable":true,"href":"https:\/\/elanchevillybasket.fr\/wp\/index.php?rest_route=%2Fwp%2Fv2%2Fcomments&post=164"}],"version-history":[{"count":7,"href":"https:\/\/elanchevillybasket.fr\/wp\/index.php?rest_route=\/wp\/v2\/pages\/164\/revisions"}],"predecessor-version":[{"id":1092,"href":"https:\/\/elanchevillybasket.fr\/wp\/index.php?rest_route=\/wp\/v2\/pages\/164\/revisions\/1092"}],"up":[{"embeddable":true,"href":"https:\/\/elanchevillybasket.fr\/wp\/index.php?rest_route=\/wp\/v2\/pages\/136"}],"wp:attachment":[{"href":"https:\/\/elanchevillybasket.fr\/wp\/index.php?rest_route=%2Fwp%2Fv2%2Fmedia&parent=164"}],"curies":[{"name":"wp","href":"https:\/\/api.w.org\/{rel}","templated":true}]}}