{"id":204,"date":"2013-10-20T14:46:52","date_gmt":"2013-10-20T13:46:52","guid":{"rendered":"http:\/\/bbelan94.olympe.in\/SITE\/?page_id=204"},"modified":"2018-09-09T21:05:20","modified_gmt":"2018-09-09T20:05:20","slug":"ecole-de-basket","status":"publish","type":"page","link":"https:\/\/elanchevillybasket.fr\/wp\/?page_id=204","title":{"rendered":"Ecole de Basket"},"content":{"rendered":"<ul>\n<li>L&#8217;Ecole de MiniBasket est un espace d&#8217;accueil pour les enfants de moins de 11 ans qui souhaitent pratiquer le BasketBall. Les cat\u00e9gories : Baby (5-6 ans), Mini-poussins (7-8 ans), Poussins (9-10 ans).<\/li>\n<li>L&#8217;Ecole de MiniBasket dispose, au sein du club, d&#8217;une organisation administrative, sportive et p\u00e9dagogique.<\/li>\n<li>L&#8217;Ecole de MiniBasket dispose d&#8217;\u00e9quipements am\u00e9nag\u00e9s et adapt\u00e9s \u00e0 l&#8217;enfant.<\/li>\n<li>L&#8217;Ecole de MiniBasket organise les apprentissages en fonction du niveau de jeu et non des cat\u00e9gories d&#8217;\u00e2ge. L&#8217;apprentissage par le jeu est privil\u00e9gi\u00e9.<\/li>\n<li>L&#8217;Ecole de MiniBasket propose des formes de rencontres et de comp\u00e9titions adapt\u00e9es au niveau de pratique.<\/li>\n<\/ul>\n<p>Les entra\u00eenements sont dirig\u00e9s par Fabrice et Ad\u00e8le aid\u00e9s de Lucas, Kevin et James .<\/p>\n<p>L&#8217;Ecole de basket a engag\u00e9 des \u00e9quipes en championnat Mini Poussins et Poussins participe \u00e0 des tournois tout au long de l&#8217;ann\u00e9e.<\/p>\n<table border=\"0\">\n<tbody>\n<tr>\n<td>&nbsp;<\/td>\n<td>&nbsp;<\/td>\n<\/tr>\n<\/tbody>\n<\/table>\n","protected":false},"excerpt":{"rendered":"<p>L&#8217;Ecole de MiniBasket est un espace d&#8217;accueil pour les enfants de moins de 11 ans qui souhaitent pratiquer le BasketBall. Les cat\u00e9gories : Baby (5-6 ans), Mini-poussins (7-8 ans), Poussins (9-10 ans). L&#8217;Ecole de MiniBasket dispose, au sein du club, d&#8217;une organisation administrative, sportive et p\u00e9dagogique. L&#8217;Ecole de MiniBasket dispose d&#8217;\u00e9quipements am\u00e9nag\u00e9s et adapt\u00e9s \u00e0 [&hellip;]<\/p>\n","protected":false},"author":1,"featured_media":0,"parent":136,"menu_order":1,"comment_status":"closed","ping_status":"closed","template":"","meta":{"_s2mail":"yes","ngg_post_thumbnail":0,"jetpack_post_was_ever_published":false,"footnotes":""},"class_list":["post-204","page","type-page","status-publish","hentry"],"jetpack_sharing_enabled":true,"jetpack_shortlink":"https:\/\/wp.me\/P48sNo-3i","_links":{"self":[{"href":"https:\/\/elanchevillybasket.fr\/wp\/index.php?rest_route=\/wp\/v2\/pages\/204","targetHints":{"allow":["GET"]}}],"collection":[{"href":"https:\/\/elanchevillybasket.fr\/wp\/index.php?rest_route=\/wp\/v2\/pages"}],"about":[{"href":"https:\/\/elanchevillybasket.fr\/wp\/index.php?rest_route=\/wp\/v2\/types\/page"}],"author":[{"embeddable":true,"href":"https:\/\/elanchevillybasket.fr\/wp\/index.php?rest_route=\/wp\/v2\/users\/1"}],"replies":[{"embeddable":true,"href":"https:\/\/elanchevillybasket.fr\/wp\/index.php?rest_route=%2Fwp%2Fv2%2Fcomments&post=204"}],"version-history":[{"count":9,"href":"https:\/\/elanchevillybasket.fr\/wp\/index.php?rest_route=\/wp\/v2\/pages\/204\/revisions"}],"predecessor-version":[{"id":2471,"href":"https:\/\/elanchevillybasket.fr\/wp\/index.php?rest_route=\/wp\/v2\/pages\/204\/revisions\/2471"}],"up":[{"embeddable":true,"href":"https:\/\/elanchevillybasket.fr\/wp\/index.php?rest_route=\/wp\/v2\/pages\/136"}],"wp:attachment":[{"href":"https:\/\/elanchevillybasket.fr\/wp\/index.php?rest_route=%2Fwp%2Fv2%2Fmedia&parent=204"}],"curies":[{"name":"wp","href":"https:\/\/api.w.org\/{rel}","templated":true}]}}