{"id":215,"date":"2013-10-20T15:03:00","date_gmt":"2013-10-20T14:03:00","guid":{"rendered":"http:\/\/bbelan94.olympe.in\/SITE\/?page_id=215"},"modified":"2014-10-09T21:03:59","modified_gmt":"2014-10-09T20:03:59","slug":"poussins-et-poussines-u11-g-et-u11-f","status":"publish","type":"page","link":"https:\/\/elanchevillybasket.fr\/wp\/?page_id=215","title":{"rendered":"Poussins et Poussines &#8211; U11 M et U11 F &#8211; 2014"},"content":{"rendered":"<p>Deux \u00e9quipes gar\u00e7ons et une \u00e9quipe filles entra\u00een\u00e9es par Fabrice aid\u00e9 d&#8217;Ad\u00e8le, Hawa et Mehdi.<\/p>\n<p>L&#8217;\u00e9quipe Poussins 1 joue en 1\u00e8re division d\u00e9partementale.<br \/>\nL&#8217;\u00e9quipe Poussins 2\u00a0joue en Ecole Poussins d\u00e9partementale.<\/p>\n<p>L&#8217;\u00e9quipe Poussines joue en 2\u00e8me division d\u00e9partementale.<\/p>\n<p><span style=\"font-family: arial,helvetica,sans-serif;\">Calendrier &amp; R\u00e9sultats<br \/>\n<a href=\"http:\/\/resultats.ffbb.com\/championnat\/b5e6211da719.html?r=200000002706967&amp;d=200000002736828\" target=\"_blank\">Poussins 1<\/a><br \/>\n<a href=\"http:\/\/resultats.ffbb.com\/championnat\/b5e6211da719.html?r=200000002706967&amp;d=200000002736832\" target=\"_blank\">Poussins 2<\/a><br \/>\n<a href=\"http:\/\/resultats.ffbb.com\/championnat\/b5e6211dce15.html?r=200000002706965&amp;d=200000002736823\" target=\"_blank\">Poussines<\/a><br \/>\n<\/span><\/p>\n<table border=\"0\">\n<tbody>\n<tr>\n<td><span style=\"font-family: arial,helvetica,sans-serif; font-size: 24px;\">Poussins<br \/>\n<a href=\"http:\/\/elanchevillybasket.fr\/wp\/wp-content\/uploads\/2013\/10\/Poussins_IMG_0483.jpg\"><img loading=\"lazy\" decoding=\"async\" class=\"alignnone  wp-image-212\" alt=\"Poussins_IMG_0483\" src=\"http:\/\/elanchevillybasket.fr\/wp\/wp-content\/uploads\/2013\/10\/Poussins_IMG_0483-300x200.jpg\" width=\"300\" height=\"200\" srcset=\"https:\/\/elanchevillybasket.fr\/wp\/wp-content\/uploads\/2013\/10\/Poussins_IMG_0483-300x200.jpg 300w, https:\/\/elanchevillybasket.fr\/wp\/wp-content\/uploads\/2013\/10\/Poussins_IMG_0483-1024x682.jpg 1024w\" sizes=\"auto, (max-width: 300px) 100vw, 300px\" \/><\/a><\/span><\/td>\n<td><span style=\"font-family: arial,helvetica,sans-serif; font-size: 24px;\">Poussines<br \/>\n<a href=\"http:\/\/elanchevillybasket.fr\/wp\/wp-content\/uploads\/2013\/10\/Poussines_IMG_0477.jpg\"><img loading=\"lazy\" decoding=\"async\" class=\"alignnone  wp-image-199\" alt=\"Poussines_IMG_0477\" src=\"http:\/\/elanchevillybasket.fr\/wp\/wp-content\/uploads\/2013\/10\/Poussines_IMG_0477-300x200.jpg\" width=\"300\" height=\"200\" srcset=\"https:\/\/elanchevillybasket.fr\/wp\/wp-content\/uploads\/2013\/10\/Poussines_IMG_0477-300x200.jpg 300w, https:\/\/elanchevillybasket.fr\/wp\/wp-content\/uploads\/2013\/10\/Poussines_IMG_0477-1024x682.jpg 1024w\" sizes=\"auto, (max-width: 300px) 100vw, 300px\" \/><\/a><\/span><\/td>\n<\/tr>\n<\/tbody>\n<\/table>\n","protected":false},"excerpt":{"rendered":"<p>Deux \u00e9quipes gar\u00e7ons et une \u00e9quipe filles entra\u00een\u00e9es par Fabrice aid\u00e9 d&#8217;Ad\u00e8le, Hawa et Mehdi. L&#8217;\u00e9quipe Poussins 1 joue en 1\u00e8re division d\u00e9partementale. L&#8217;\u00e9quipe Poussins 2\u00a0joue en Ecole Poussins d\u00e9partementale. L&#8217;\u00e9quipe Poussines joue en 2\u00e8me division d\u00e9partementale. Calendrier &amp; R\u00e9sultats Poussins 1 Poussins 2 Poussines Poussins Poussines<\/p>\n","protected":false},"author":1,"featured_media":0,"parent":136,"menu_order":2,"comment_status":"closed","ping_status":"closed","template":"","meta":{"_s2mail":"yes","ngg_post_thumbnail":0,"jetpack_post_was_ever_published":false,"footnotes":""},"class_list":["post-215","page","type-page","status-publish","hentry"],"jetpack_sharing_enabled":true,"jetpack_shortlink":"https:\/\/wp.me\/P48sNo-3t","_links":{"self":[{"href":"https:\/\/elanchevillybasket.fr\/wp\/index.php?rest_route=\/wp\/v2\/pages\/215","targetHints":{"allow":["GET"]}}],"collection":[{"href":"https:\/\/elanchevillybasket.fr\/wp\/index.php?rest_route=\/wp\/v2\/pages"}],"about":[{"href":"https:\/\/elanchevillybasket.fr\/wp\/index.php?rest_route=\/wp\/v2\/types\/page"}],"author":[{"embeddable":true,"href":"https:\/\/elanchevillybasket.fr\/wp\/index.php?rest_route=\/wp\/v2\/users\/1"}],"replies":[{"embeddable":true,"href":"https:\/\/elanchevillybasket.fr\/wp\/index.php?rest_route=%2Fwp%2Fv2%2Fcomments&post=215"}],"version-history":[{"count":5,"href":"https:\/\/elanchevillybasket.fr\/wp\/index.php?rest_route=\/wp\/v2\/pages\/215\/revisions"}],"predecessor-version":[{"id":1091,"href":"https:\/\/elanchevillybasket.fr\/wp\/index.php?rest_route=\/wp\/v2\/pages\/215\/revisions\/1091"}],"up":[{"embeddable":true,"href":"https:\/\/elanchevillybasket.fr\/wp\/index.php?rest_route=\/wp\/v2\/pages\/136"}],"wp:attachment":[{"href":"https:\/\/elanchevillybasket.fr\/wp\/index.php?rest_route=%2Fwp%2Fv2%2Fmedia&parent=215"}],"curies":[{"name":"wp","href":"https:\/\/api.w.org\/{rel}","templated":true}]}}