{"id":295,"date":"2013-11-11T17:46:59","date_gmt":"2013-11-11T16:46:59","guid":{"rendered":"http:\/\/bbelan94.olympe.in\/SITE\/?page_id=295"},"modified":"2018-09-09T21:32:12","modified_gmt":"2018-09-09T20:32:12","slug":"contacts","status":"publish","type":"page","link":"https:\/\/elanchevillybasket.fr\/wp\/?page_id=295","title":{"rendered":"Contacts"},"content":{"rendered":"<p>Un seul contact depuis votre messagerie pr\u00e9f\u00e9r\u00e9e :<br \/>\n<a href=\"mailto:ecl94contact@gmail.com\">ecl94contact@gmail.com<\/a><\/p>\n","protected":false},"excerpt":{"rendered":"<p>Un seul contact depuis votre messagerie pr\u00e9f\u00e9r\u00e9e : ecl94contact@gmail.com<\/p>\n","protected":false},"author":1,"featured_media":0,"parent":0,"menu_order":0,"comment_status":"closed","ping_status":"closed","template":"","meta":{"_s2mail":"yes","ngg_post_thumbnail":0,"jetpack_post_was_ever_published":false,"footnotes":""},"class_list":["post-295","page","type-page","status-publish","hentry"],"jetpack_sharing_enabled":true,"jetpack_shortlink":"https:\/\/wp.me\/P48sNo-4L","_links":{"self":[{"href":"https:\/\/elanchevillybasket.fr\/wp\/index.php?rest_route=\/wp\/v2\/pages\/295","targetHints":{"allow":["GET"]}}],"collection":[{"href":"https:\/\/elanchevillybasket.fr\/wp\/index.php?rest_route=\/wp\/v2\/pages"}],"about":[{"href":"https:\/\/elanchevillybasket.fr\/wp\/index.php?rest_route=\/wp\/v2\/types\/page"}],"author":[{"embeddable":true,"href":"https:\/\/elanchevillybasket.fr\/wp\/index.php?rest_route=\/wp\/v2\/users\/1"}],"replies":[{"embeddable":true,"href":"https:\/\/elanchevillybasket.fr\/wp\/index.php?rest_route=%2Fwp%2Fv2%2Fcomments&post=295"}],"version-history":[{"count":6,"href":"https:\/\/elanchevillybasket.fr\/wp\/index.php?rest_route=\/wp\/v2\/pages\/295\/revisions"}],"predecessor-version":[{"id":2482,"href":"https:\/\/elanchevillybasket.fr\/wp\/index.php?rest_route=\/wp\/v2\/pages\/295\/revisions\/2482"}],"wp:attachment":[{"href":"https:\/\/elanchevillybasket.fr\/wp\/index.php?rest_route=%2Fwp%2Fv2%2Fmedia&parent=295"}],"curies":[{"name":"wp","href":"https:\/\/api.w.org\/{rel}","templated":true}]}}