{"id":45,"date":"2013-09-08T16:38:52","date_gmt":"2013-09-08T15:38:52","guid":{"rendered":"http:\/\/bbelan94.olympe.in\/SITE\/?page_id=45"},"modified":"2014-09-07T22:46:32","modified_gmt":"2014-09-07T21:46:32","slug":"les-salles-2","status":"publish","type":"page","link":"https:\/\/elanchevillybasket.fr\/wp\/?page_id=45","title":{"rendered":"Les salles"},"content":{"rendered":"<p>&#8211; Gymnase Dericbourg 42 rue de l&#8217;adjudant chef Dericbourg &#8211; Chevilly-Larue<br \/>\n&#8211; Gymnase Lilian Thuram avenue du G\u00e9n\u00e9ral de Gaulle &#8211; Chevilly-Larue<br \/>\n&#8211; Parc des Sports : rue du stade &#8211; Chevilly-Larue<br \/>\n&#8211; Gymnase Pasteur :\u00a015 avenue du G\u00e9n\u00e9ral de Gaulle &#8211; Chevilly-Larue<br \/>\n&#8211; Gymnase Ronsard &#8211; 85, rue Larroum\u00e8s &#8211; L&#8217;HAY LES ROSES<\/p>\n","protected":false},"excerpt":{"rendered":"<p>&#8211; Gymnase Dericbourg 42 rue de l&#8217;adjudant chef Dericbourg &#8211; Chevilly-Larue &#8211; Gymnase Lilian Thuram avenue du G\u00e9n\u00e9ral de Gaulle &#8211; Chevilly-Larue &#8211; Parc des Sports : rue du stade &#8211; Chevilly-Larue &#8211; Gymnase Pasteur :\u00a015 avenue du G\u00e9n\u00e9ral de Gaulle &#8211; Chevilly-Larue &#8211; Gymnase Ronsard &#8211; 85, rue Larroum\u00e8s &#8211; L&#8217;HAY LES ROSES<\/p>\n","protected":false},"author":1,"featured_media":0,"parent":0,"menu_order":0,"comment_status":"closed","ping_status":"closed","template":"","meta":{"_s2mail":"yes","ngg_post_thumbnail":0,"jetpack_post_was_ever_published":false,"footnotes":""},"class_list":["post-45","page","type-page","status-publish","hentry"],"jetpack_sharing_enabled":true,"jetpack_shortlink":"https:\/\/wp.me\/P48sNo-J","_links":{"self":[{"href":"https:\/\/elanchevillybasket.fr\/wp\/index.php?rest_route=\/wp\/v2\/pages\/45","targetHints":{"allow":["GET"]}}],"collection":[{"href":"https:\/\/elanchevillybasket.fr\/wp\/index.php?rest_route=\/wp\/v2\/pages"}],"about":[{"href":"https:\/\/elanchevillybasket.fr\/wp\/index.php?rest_route=\/wp\/v2\/types\/page"}],"author":[{"embeddable":true,"href":"https:\/\/elanchevillybasket.fr\/wp\/index.php?rest_route=\/wp\/v2\/users\/1"}],"replies":[{"embeddable":true,"href":"https:\/\/elanchevillybasket.fr\/wp\/index.php?rest_route=%2Fwp%2Fv2%2Fcomments&post=45"}],"version-history":[{"count":2,"href":"https:\/\/elanchevillybasket.fr\/wp\/index.php?rest_route=\/wp\/v2\/pages\/45\/revisions"}],"predecessor-version":[{"id":1082,"href":"https:\/\/elanchevillybasket.fr\/wp\/index.php?rest_route=\/wp\/v2\/pages\/45\/revisions\/1082"}],"wp:attachment":[{"href":"https:\/\/elanchevillybasket.fr\/wp\/index.php?rest_route=%2Fwp%2Fv2%2Fmedia&parent=45"}],"curies":[{"name":"wp","href":"https:\/\/api.w.org\/{rel}","templated":true}]}}