{"id":492,"date":"2013-09-08T13:22:24","date_gmt":"2013-09-08T12:22:24","guid":{"rendered":"http:\/\/bbelan94.olympe.in\/SITE\/?page_id=2"},"modified":"2014-09-07T22:21:57","modified_gmt":"2014-09-07T21:21:57","slug":"les_entraineurs","status":"publish","type":"page","link":"https:\/\/elanchevillybasket.fr\/wp\/?page_id=492","title":{"rendered":"Les entraineurs 2013"},"content":{"rendered":"<p>Tous les enra\u00eeneurs jouent \u00e9galement dans une \u00e9quipe du club, des cat\u00e9gories cadet(tes) aux loisirs.<\/p>\n<p><span style=\"font-size: 32px;\"><strong><span style=\"font-family: arial,helvetica,sans-serif;\">Ecole de Basket, Poussins, Poussines<\/span><\/strong><\/span><\/p>\n<table border=\"0\">\n<tbody>\n<tr>\n<td><span style=\"font-family: arial,helvetica,sans-serif; font-size: 22px;\">Fabrice<br \/>\n<a href=\"http:\/\/elanchevillybasket.fr\/wp\/wp-content\/uploads\/2013\/10\/Fabrice-Ecole-de-basket_IMG_0484.jpg\"><img loading=\"lazy\" decoding=\"async\" class=\"alignnone size-medium wp-image-231\" src=\"http:\/\/elanchevillybasket.fr\/wp\/wp-content\/uploads\/2013\/10\/Fabrice-Ecole-de-basket_IMG_0484-200x300.jpg\" alt=\"Fabrice Ecole de basket_IMG_0484\" width=\"200\" height=\"300\" \/><\/a><\/span><\/td>\n<td><span style=\"font-family: arial,helvetica,sans-serif; font-size: 22px;\">Ad\u00e8le<br \/>\n<a href=\"http:\/\/elanchevillybasket.fr\/wp\/wp-content\/uploads\/2013\/10\/Ad\u00e8le-Ecole-de-Basket_IMG_0485.jpg\"><img loading=\"lazy\" decoding=\"async\" class=\"alignnone size-medium wp-image-226\" src=\"http:\/\/elanchevillybasket.fr\/wp\/wp-content\/uploads\/2013\/10\/Ad\u00e8le-Ecole-de-Basket_IMG_0485-200x300.jpg\" alt=\"Ad\u00e8le Ecole de Basket_IMG_0485\" width=\"200\" height=\"300\" \/><\/a><\/span><\/td>\n<\/tr>\n<tr>\n<td><span style=\"font-family: arial,helvetica,sans-serif; font-size: 22px;\">Hawa<br \/>\n<a href=\"http:\/\/elanchevillybasket.fr\/wp\/wp-content\/uploads\/2013\/10\/Hawa-Ecole-de-Basket_IMG_0203.jpg\"><img loading=\"lazy\" decoding=\"async\" class=\"alignnone  wp-image-236\" src=\"http:\/\/elanchevillybasket.fr\/wp\/wp-content\/uploads\/2013\/10\/Hawa-Ecole-de-Basket_IMG_0203-300x300.jpg\" alt=\"Hawa Ecole de Basket_IMG_0203\" width=\"300\" height=\"300\" srcset=\"https:\/\/elanchevillybasket.fr\/wp\/wp-content\/uploads\/2013\/10\/Hawa-Ecole-de-Basket_IMG_0203-300x300.jpg 300w, https:\/\/elanchevillybasket.fr\/wp\/wp-content\/uploads\/2013\/10\/Hawa-Ecole-de-Basket_IMG_0203-150x150.jpg 150w, https:\/\/elanchevillybasket.fr\/wp\/wp-content\/uploads\/2013\/10\/Hawa-Ecole-de-Basket_IMG_0203-1024x1024.jpg 1024w\" sizes=\"auto, (max-width: 300px) 100vw, 300px\" \/><\/a><\/span><\/td>\n<td><span style=\"font-family: arial,helvetica,sans-serif; font-size: 22px;\">Mehdi<br \/>\n<a href=\"http:\/\/elanchevillybasket.fr\/wp\/wp-content\/uploads\/2013\/10\/Mehdi-Ecole-de-Basket_IMG_0200.jpg\"><img loading=\"lazy\" decoding=\"async\" class=\"alignnone  wp-image-249\" src=\"http:\/\/elanchevillybasket.fr\/wp\/wp-content\/uploads\/2013\/10\/Mehdi-Ecole-de-Basket_IMG_0200-300x300.jpg\" alt=\"Mehdi Ecole de Basket_IMG_0200\" width=\"300\" height=\"300\" srcset=\"https:\/\/elanchevillybasket.fr\/wp\/wp-content\/uploads\/2013\/10\/Mehdi-Ecole-de-Basket_IMG_0200-300x300.jpg 300w, https:\/\/elanchevillybasket.fr\/wp\/wp-content\/uploads\/2013\/10\/Mehdi-Ecole-de-Basket_IMG_0200-150x150.jpg 150w, https:\/\/elanchevillybasket.fr\/wp\/wp-content\/uploads\/2013\/10\/Mehdi-Ecole-de-Basket_IMG_0200-1024x1024.jpg 1024w\" sizes=\"auto, (max-width: 300px) 100vw, 300px\" \/><\/a><\/span><\/td>\n<\/tr>\n<\/tbody>\n<\/table>\n<p>&nbsp;<\/p>\n<p>&nbsp;<\/p>\n<p><span style=\"font-size: 32px;\"><strong><span style=\"font-family: arial,helvetica,sans-serif;\">Benjamins et Benjamines<\/span><\/strong><\/span><\/p>\n<table border=\"0\">\n<tbody>\n<tr>\n<td><span style=\"font-family: arial,helvetica,sans-serif; font-size: 22px;\">Herv\u00e9<br \/>\n<a href=\"http:\/\/elanchevillybasket.fr\/wp\/wp-content\/uploads\/2013\/10\/Herv\u00e9-Benjamins-et-Benjamines_IMG_0489.jpg\"><img loading=\"lazy\" decoding=\"async\" class=\"alignnone size-medium wp-image-238\" src=\"http:\/\/elanchevillybasket.fr\/wp\/wp-content\/uploads\/2013\/10\/Herv\u00e9-Benjamins-et-Benjamines_IMG_0489-200x300.jpg\" alt=\"Herv\u00e9 Benjamins et Benjamines_IMG_0489\" width=\"200\" height=\"300\" srcset=\"https:\/\/elanchevillybasket.fr\/wp\/wp-content\/uploads\/2013\/10\/Herv\u00e9-Benjamins-et-Benjamines_IMG_0489-200x300.jpg 200w, https:\/\/elanchevillybasket.fr\/wp\/wp-content\/uploads\/2013\/10\/Herv\u00e9-Benjamins-et-Benjamines_IMG_0489-682x1024.jpg 682w\" sizes=\"auto, (max-width: 200px) 100vw, 200px\" \/><\/a><\/span><\/td>\n<td><span style=\"font-family: arial,helvetica,sans-serif; font-size: 22px;\">Lucas<br \/>\n<a href=\"http:\/\/elanchevillybasket.fr\/wp\/wp-content\/uploads\/2013\/10\/Lucas-Benjamins-et-Benjamines_IMG_0486.jpg\"><img loading=\"lazy\" decoding=\"async\" class=\"alignnone size-medium wp-image-244\" src=\"http:\/\/elanchevillybasket.fr\/wp\/wp-content\/uploads\/2013\/10\/Lucas-Benjamins-et-Benjamines_IMG_0486-200x300.jpg\" alt=\"Lucas Benjamins et Benjamines_IMG_0486\" width=\"200\" height=\"300\" \/><\/a><\/span><\/td>\n<\/tr>\n<\/tbody>\n<\/table>\n<p>&nbsp;<\/p>\n<p>&nbsp;<\/p>\n<p><span style=\"font-size: 32px;\"><strong><span style=\"font-family: arial,helvetica,sans-serif;\">Minimes Gar\u00e7ons<\/span><\/strong><\/span><\/p>\n<table border=\"0\">\n<tbody>\n<tr>\n<td><span style=\"font-family: arial,helvetica,sans-serif; font-size: 22px;\">Quentin<br \/>\n<a href=\"http:\/\/elanchevillybasket.fr\/wp\/wp-content\/uploads\/2013\/10\/Quentin-Minimes-Gar\u00e7ons_IMG_0439.jpg\"><img loading=\"lazy\" decoding=\"async\" class=\"alignnone size-medium wp-image-252\" src=\"http:\/\/elanchevillybasket.fr\/wp\/wp-content\/uploads\/2013\/10\/Quentin-Minimes-Gar\u00e7ons_IMG_0439-200x300.jpg\" alt=\"Quentin Minimes Gar\u00e7ons_IMG_0439\" width=\"200\" height=\"300\" \/><\/a><\/span><\/td>\n<td><span style=\"font-family: arial,helvetica,sans-serif; font-size: 22px;\">Sofiane<br \/>\n<a href=\"http:\/\/elanchevillybasket.fr\/wp\/wp-content\/uploads\/2013\/10\/Sofiane-Minimes-Gar\u00e7ons-et-Seniors-2_IMG_0442.jpg\"><img decoding=\"async\" class=\"alignnone  wp-image-257\" src=\"http:\/\/elanchevillybasket.fr\/wp\/wp-content\/uploads\/2013\/10\/Sofiane-Minimes-Gar\u00e7ons-et-Seniors-2_IMG_0442-200x300.jpg\" alt=\"Sofiane Minimes Gar\u00e7ons et Seniors 2_IMG_0442\" \/><\/a><\/span><\/td>\n<\/tr>\n<\/tbody>\n<\/table>\n<p>&nbsp;<\/p>\n<p>&nbsp;<\/p>\n<p><span style=\"font-size: 32px;\"><strong><span style=\"font-family: arial,helvetica,sans-serif;\">Cadettes<\/span><\/strong><\/span><\/p>\n<table border=\"0\">\n<tbody>\n<tr>\n<td><span style=\"font-family: arial,helvetica,sans-serif; font-size: 22px;\"><span style=\"font-family: arial,helvetica,sans-serif; font-size: 22px;\">Siegfried\u00a0(CALHR)<br \/>\n<a href=\"http:\/\/elanchevillybasket.fr\/wp\/wp-content\/uploads\/2013\/10\/Siegfried-Cadettes_IMG_0493.jpg\"><img loading=\"lazy\" decoding=\"async\" class=\"alignnone size-medium wp-image-256\" src=\"http:\/\/elanchevillybasket.fr\/wp\/wp-content\/uploads\/2013\/10\/Siegfried-Cadettes_IMG_0493-200x300.jpg\" alt=\"Siegfried Cadettes_IMG_0493\" width=\"200\" height=\"300\" srcset=\"https:\/\/elanchevillybasket.fr\/wp\/wp-content\/uploads\/2013\/10\/Siegfried-Cadettes_IMG_0493-200x300.jpg 200w, https:\/\/elanchevillybasket.fr\/wp\/wp-content\/uploads\/2013\/10\/Siegfried-Cadettes_IMG_0493-682x1024.jpg 682w\" sizes=\"auto, (max-width: 200px) 100vw, 200px\" \/><\/a><\/span><\/span><\/td>\n<td><span style=\"font-family: arial,helvetica,sans-serif; font-size: 22px;\">S\u00e9bastien<br \/>\n<a href=\"http:\/\/elanchevillybasket.fr\/wp\/wp-content\/uploads\/2013\/10\/S\u00e9bastien-Cadettes_IMG_0487.jpg\"><img decoding=\"async\" class=\"alignnone  wp-image-253\" src=\"http:\/\/elanchevillybasket.fr\/wp\/wp-content\/uploads\/2013\/10\/S\u00e9bastien-Cadettes_IMG_0487-200x300.jpg\" alt=\"S\u00e9bastien Cadettes_IMG_0487\" \/><\/a><\/span><\/td>\n<\/tr>\n<tr>\n<td><span style=\"font-family: arial,helvetica,sans-serif; font-size: 22px;\">Florian<br \/>\n<a href=\"http:\/\/elanchevillybasket.fr\/wp\/wp-content\/uploads\/2013\/10\/Florian-Cadettes_IMG_0490.jpg\"><img decoding=\"async\" class=\"alignnone  wp-image-229\" src=\"http:\/\/elanchevillybasket.fr\/wp\/wp-content\/uploads\/2013\/10\/Florian-Cadettes_IMG_0490-200x300.jpg\" alt=\"Florian Cadettes_IMG_0490\" \/><\/a><\/span><\/td>\n<td><\/td>\n<\/tr>\n<\/tbody>\n<\/table>\n<p><span style=\"font-family: arial,helvetica,sans-serif; font-size: 24px;\">\u00a0<\/span><\/p>\n<p>&nbsp;<\/p>\n<p><span style=\"font-size: 32px;\"><strong><span style=\"font-family: arial,helvetica,sans-serif;\">Cadets<\/span><\/strong><\/span><\/p>\n<table border=\"0\">\n<tbody>\n<tr>\n<td><span style=\"font-family: arial,helvetica,sans-serif; font-size: 22px;\">Iain<br \/>\n<a href=\"http:\/\/elanchevillybasket.fr\/wp\/wp-content\/uploads\/2013\/10\/Iain-Cadets_IMG_0463.jpg\"><img loading=\"lazy\" decoding=\"async\" width=\"200\" height=\"300\" class=\"alignnone  wp-image-242\" src=\"http:\/\/elanchevillybasket.fr\/wp\/wp-content\/uploads\/2013\/10\/Iain-Cadets_IMG_0463-200x300.jpg\" alt=\"Iain Cadets_IMG_0463\" srcset=\"https:\/\/elanchevillybasket.fr\/wp\/wp-content\/uploads\/2013\/10\/Iain-Cadets_IMG_0463-200x300.jpg 200w, https:\/\/elanchevillybasket.fr\/wp\/wp-content\/uploads\/2013\/10\/Iain-Cadets_IMG_0463-682x1024.jpg 682w\" sizes=\"auto, (max-width: 200px) 100vw, 200px\" \/><\/a><\/span><\/td>\n<td><span style=\"font-family: arial,helvetica,sans-serif; font-size: 22px;\">Margaux<br \/>\n<a href=\"http:\/\/elanchevillybasket.fr\/wp\/wp-content\/uploads\/2013\/10\/Margaux-Cadets_IMG_0433.jpg\"><img decoding=\"async\" class=\"alignnone  wp-image-247\" src=\"http:\/\/elanchevillybasket.fr\/wp\/wp-content\/uploads\/2013\/10\/Margaux-Cadets_IMG_0433-200x300.jpg\" alt=\"Margaux Cadets_IMG_0433\" \/><\/a><\/span><\/td>\n<\/tr>\n<\/tbody>\n<\/table>\n<p>&nbsp;<\/p>\n<p>&nbsp;<\/p>\n<p>&nbsp;<\/p>\n<p><span style=\"font-size: 32px;\"><strong><span style=\"font-family: arial,helvetica,sans-serif;\">Seniors F\u00e9minines<\/span><\/strong><\/span><\/p>\n<table border=\"0\">\n<tbody>\n<tr>\n<td><span style=\"font-family: arial,helvetica,sans-serif; font-size: 22px;\">Faresse<br \/>\n<a href=\"http:\/\/elanchevillybasket.fr\/wp\/wp-content\/uploads\/2013\/10\/Faresse-Seniors-Filles_IMG_0427.jpg\"><img decoding=\"async\" class=\"alignnone  wp-image-234\" src=\"http:\/\/elanchevillybasket.fr\/wp\/wp-content\/uploads\/2013\/10\/Faresse-Seniors-Filles_IMG_0427-200x300.jpg\" alt=\"Faresse Seniors Filles_IMG_0427\" \/><\/a><\/span><\/td>\n<td><\/td>\n<\/tr>\n<\/tbody>\n<\/table>\n<p>&nbsp;<\/p>\n<p>&nbsp;<\/p>\n<p><span style=\"font-size: 32px;\"><strong><span style=\"font-family: arial,helvetica,sans-serif;\">Seniors Gar\u00e7ons<\/span><\/strong><\/span><\/p>\n<table border=\"0\">\n<tbody>\n<tr>\n<td><span style=\"font-family: arial,helvetica,sans-serif; font-size: 22px;\">Patrice<br \/>\n<a href=\"http:\/\/elanchevillybasket.fr\/wp\/wp-content\/uploads\/2013\/10\/Patrice-Seniors-1_IMG_0461.jpg\"><img decoding=\"async\" class=\"alignnone  wp-image-251\" src=\"http:\/\/elanchevillybasket.fr\/wp\/wp-content\/uploads\/2013\/10\/Patrice-Seniors-1_IMG_0461-200x300.jpg\" alt=\"Patrice Seniors 1_IMG_0461\" \/><\/a><\/span><\/td>\n<td><span style=\"font-family: arial,helvetica,sans-serif; font-size: 22px;\">Sofiane<br \/>\n<a href=\"http:\/\/elanchevillybasket.fr\/wp\/wp-content\/uploads\/2013\/10\/Sofiane-Minimes-Gar\u00e7ons-et-Seniors-2_IMG_0442.jpg\"><img decoding=\"async\" class=\"alignnone  wp-image-257\" src=\"http:\/\/elanchevillybasket.fr\/wp\/wp-content\/uploads\/2013\/10\/Sofiane-Minimes-Gar\u00e7ons-et-Seniors-2_IMG_0442-200x300.jpg\" alt=\"Sofiane Minimes Gar\u00e7ons et Seniors 2_IMG_0442\" \/><\/a><\/span><\/td>\n<\/tr>\n<\/tbody>\n<\/table>\n","protected":false},"excerpt":{"rendered":"<p>Tous les enra\u00eeneurs jouent \u00e9galement dans une \u00e9quipe du club, des cat\u00e9gories cadet(tes) aux loisirs. Ecole de Basket, Poussins, Poussines Fabrice Ad\u00e8le Hawa Mehdi &nbsp; &nbsp; Benjamins et Benjamines Herv\u00e9 Lucas &nbsp; &nbsp; Minimes Gar\u00e7ons Quentin Sofiane &nbsp; &nbsp; Cadettes Siegfried\u00a0(CALHR) S\u00e9bastien Florian \u00a0 &nbsp; Cadets Iain Margaux &nbsp; &nbsp; &nbsp; Seniors F\u00e9minines Faresse &nbsp; [&hellip;]<\/p>\n","protected":false},"author":1,"featured_media":0,"parent":0,"menu_order":0,"comment_status":"closed","ping_status":"closed","template":"","meta":{"_s2mail":"yes","ngg_post_thumbnail":0,"jetpack_post_was_ever_published":false,"footnotes":""},"class_list":["post-492","page","type-page","status-publish","hentry"],"jetpack_sharing_enabled":true,"jetpack_shortlink":"https:\/\/wp.me\/P48sNo-7W","_links":{"self":[{"href":"https:\/\/elanchevillybasket.fr\/wp\/index.php?rest_route=\/wp\/v2\/pages\/492","targetHints":{"allow":["GET"]}}],"collection":[{"href":"https:\/\/elanchevillybasket.fr\/wp\/index.php?rest_route=\/wp\/v2\/pages"}],"about":[{"href":"https:\/\/elanchevillybasket.fr\/wp\/index.php?rest_route=\/wp\/v2\/types\/page"}],"author":[{"embeddable":true,"href":"https:\/\/elanchevillybasket.fr\/wp\/index.php?rest_route=\/wp\/v2\/users\/1"}],"replies":[{"embeddable":true,"href":"https:\/\/elanchevillybasket.fr\/wp\/index.php?rest_route=%2Fwp%2Fv2%2Fcomments&post=492"}],"version-history":[{"count":5,"href":"https:\/\/elanchevillybasket.fr\/wp\/index.php?rest_route=\/wp\/v2\/pages\/492\/revisions"}],"predecessor-version":[{"id":1076,"href":"https:\/\/elanchevillybasket.fr\/wp\/index.php?rest_route=\/wp\/v2\/pages\/492\/revisions\/1076"}],"wp:attachment":[{"href":"https:\/\/elanchevillybasket.fr\/wp\/index.php?rest_route=%2Fwp%2Fv2%2Fmedia&parent=492"}],"curies":[{"name":"wp","href":"https:\/\/api.w.org\/{rel}","templated":true}]}}