{"id":494,"date":"2013-09-08T15:09:44","date_gmt":"2013-09-08T14:09:44","guid":{"rendered":"http:\/\/bbelan94.olympe.in\/SITE\/?page_id=12"},"modified":"2013-12-01T22:42:14","modified_gmt":"2013-12-01T21:42:14","slug":"inscriptions-2013","status":"publish","type":"page","link":"https:\/\/elanchevillybasket.fr\/wp\/?page_id=494","title":{"rendered":"Inscriptions 2013"},"content":{"rendered":"<div><b>Inscriptions<\/b>\u00a0:<\/div>\n<div>\n<ol>\n<li><span style=\"color: #ff0000;\">Samedi 7 septembre au Forum des sports<\/span><\/li>\n<li><span style=\"color: #ff0000;\">Pendant les entra\u00eenements<\/span><\/li>\n<\/ol>\n<p><span style=\"text-decoration: underline;\">Un joueur ne pourra jouer que lorsque son entra\u00eeneur aura re\u00e7u sa licence.<br \/>\n<\/span>Le simple fait de d\u00e9poser son dossier complet n\u2019est pas suffisant.<\/p>\n<p><span style=\"color: #ff0000;\">&#8212;&#8212;&#8212;&#8212;&#8212;&#8212;&#8212;&#8212;&#8212;&#8212;&#8212;&#8212;&#8212;&#8212;&#8212;&#8212;&#8212;&#8212;&#8212;&#8212;&#8212;&#8212;&#8212;&#8212;&#8212;&#8212;&#8212;&#8212;&#8212;&#8212;<\/span><\/p>\n<\/div>\n<p align=\"center\">Documents \u00e0 fournir pour une DEMANDE DE LICENCE \u00e0 l\u2019Elan Chevilly-Larue Basket<\/p>\n<ul>\n<li>Formulaire FFBB et certificat m\u00e9dical<\/li>\n<\/ul>\n<p>La validit\u00e9 d\u2019un certificat m\u00e9dical est de <span style=\"text-decoration: underline;\">3 mois maximum<\/span>.<br \/>\nLe cachet du m\u00e9decin est <span style=\"text-decoration: underline;\">obligatoire<\/span>.<br \/>\nLes licenci\u00e9s n\u00e9s en 1997, 1998, 1999, 2001, 2003 doivent <span style=\"text-decoration: underline;\">syst\u00e9matiquement<\/span> faire remplir le certificat m\u00e9dical de <b>sur classement<\/b>.<\/p>\n<p>\u00e8\u00a0Un certificat m\u00e9dical de sur classement <span style=\"text-decoration: underline;\">qui n\u2019est pas sur le formulaire FFBB<\/span> doit obligatoirement \u00eatre accompagn\u00e9 d\u2019une autorisation parentale.<\/p>\n<ul>\n<li>Fiche de liaison<\/li>\n<li>Reglement \u2013 informations Jeunes (pour les mineurs)<\/li>\n<li>1 photo<\/li>\n<li>Cotisation<\/li>\n<\/ul>\n<p align=\"center\">COTISATIONS 2013 \/ 2014<\/p>\n<ul>\n<li>Le montant de la cotisation est de <span style=\"text-decoration: underline;\">130 euros<\/span><\/li>\n<\/ul>\n<p>\u00e8\u00a0Une r\u00e9duction s\u2019applique \u00e0 partir du 2<sup>\u00e9me<\/sup> adh\u00e9rent d\u2019une famille\u00a0: le 2<sup>\u00e9me<\/sup> adh\u00e9rent et les suivants cotisent 100 euros.<\/p>\n<p>\u00e8\u00a0L\u2019option \u00ab\u00a0A\u00a0\u00bb de l\u2019assurance est comprise dans la cotisation (mais il faut quand m\u00eame remplir et signer le formulaire.)<\/p>\n<ul>\n<li>La totalit\u00e9 de la cotisation est \u00e0 r\u00e9gler au d\u00e9but de la saison<\/li>\n<\/ul>\n<p>\u00e8\u00a0Paiement possible en trois fois avec encaissement au plus tard en d\u00e9cembre 2013.<\/p>\n<p>\u00e8\u00a0Les ch\u00e8ques sont \u00e0 \u00e9tablir \u00e0 l\u2019ordre de <span style=\"text-decoration: underline;\">l\u2019Elan Basket<\/span>.<\/p>\n<p>\u00e8\u00a0Possibilit\u00e9 d\u2019utiliser les Coupons sport ANCV, Ch\u00e8ques vacances ANCV, Ch\u00e8ques &#8220;tous en club&#8221;, Bons CAF.<\/p>\n<div>\n<p align=\"center\"><b>Votre dossier <span style=\"text-decoration: underline;\">COMPLET<\/span> est \u00e0 remettre \u00e0 votre entra\u00eeneur<\/b><\/p>\n<p align=\"center\">\n<\/div>\n","protected":false},"excerpt":{"rendered":"<p>Inscriptions\u00a0: Samedi 7 septembre au Forum des sports Pendant les entra\u00eenements Un joueur ne pourra jouer que lorsque son entra\u00eeneur aura re\u00e7u sa licence. Le simple fait de d\u00e9poser son dossier complet n\u2019est pas suffisant. &#8212;&#8212;&#8212;&#8212;&#8212;&#8212;&#8212;&#8212;&#8212;&#8212;&#8212;&#8212;&#8212;&#8212;&#8212;&#8212;&#8212;&#8212;&#8212;&#8212;&#8212;&#8212;&#8212;&#8212;&#8212;&#8212;&#8212;&#8212;&#8212;&#8212; Documents \u00e0 fournir pour une DEMANDE DE LICENCE \u00e0 l\u2019Elan Chevilly-Larue Basket Formulaire FFBB et certificat m\u00e9dical La validit\u00e9 [&hellip;]<\/p>\n","protected":false},"author":1,"featured_media":0,"parent":0,"menu_order":0,"comment_status":"closed","ping_status":"closed","template":"","meta":{"_s2mail":"","ngg_post_thumbnail":0,"jetpack_post_was_ever_published":false,"footnotes":""},"class_list":["post-494","page","type-page","status-publish","hentry"],"jetpack_sharing_enabled":true,"jetpack_shortlink":"https:\/\/wp.me\/P48sNo-7Y","_links":{"self":[{"href":"https:\/\/elanchevillybasket.fr\/wp\/index.php?rest_route=\/wp\/v2\/pages\/494","targetHints":{"allow":["GET"]}}],"collection":[{"href":"https:\/\/elanchevillybasket.fr\/wp\/index.php?rest_route=\/wp\/v2\/pages"}],"about":[{"href":"https:\/\/elanchevillybasket.fr\/wp\/index.php?rest_route=\/wp\/v2\/types\/page"}],"author":[{"embeddable":true,"href":"https:\/\/elanchevillybasket.fr\/wp\/index.php?rest_route=\/wp\/v2\/users\/1"}],"replies":[{"embeddable":true,"href":"https:\/\/elanchevillybasket.fr\/wp\/index.php?rest_route=%2Fwp%2Fv2%2Fcomments&post=494"}],"version-history":[{"count":2,"href":"https:\/\/elanchevillybasket.fr\/wp\/index.php?rest_route=\/wp\/v2\/pages\/494\/revisions"}],"predecessor-version":[{"id":601,"href":"https:\/\/elanchevillybasket.fr\/wp\/index.php?rest_route=\/wp\/v2\/pages\/494\/revisions\/601"}],"wp:attachment":[{"href":"https:\/\/elanchevillybasket.fr\/wp\/index.php?rest_route=%2Fwp%2Fv2%2Fmedia&parent=494"}],"curies":[{"name":"wp","href":"https:\/\/api.w.org\/{rel}","templated":true}]}}