{"id":495,"date":"2013-09-08T15:39:28","date_gmt":"2013-09-08T14:39:28","guid":{"rendered":"http:\/\/bbelan94.olympe.in\/SITE\/?page_id=19"},"modified":"2025-09-14T19:05:27","modified_gmt":"2025-09-14T18:05:27","slug":"le-bureau","status":"publish","type":"page","link":"https:\/\/elanchevillybasket.fr\/wp\/?page_id=495","title":{"rendered":"Le Bureau"},"content":{"rendered":"<p><span style=\"color: #000000; font-size: 16px;\">Suite \u00e0 l&#8217;assembl\u00e9e g\u00e9n\u00e9rale qui s&#8217;est tenu le samedi 28 septembre&nbsp; 2020 :<\/span><\/p>\n<p>&nbsp;<\/p>\n<p>[table id=6 \/]<\/p>\n","protected":false},"excerpt":{"rendered":"<p>Suite \u00e0 l&#8217;assembl\u00e9e g\u00e9n\u00e9rale qui s&#8217;est tenu le samedi 28 septembre&nbsp; 2020 : &nbsp; [table id=6 \/]<\/p>\n","protected":false},"author":1,"featured_media":2522,"parent":0,"menu_order":0,"comment_status":"open","ping_status":"open","template":"","meta":{"_s2mail":"yes","ngg_post_thumbnail":0,"footnotes":""},"class_list":["post-495","page","type-page","status-publish","has-post-thumbnail","hentry"],"jetpack_sharing_enabled":true,"jetpack_shortlink":"https:\/\/wp.me\/P48sNo-7Z","_links":{"self":[{"href":"https:\/\/elanchevillybasket.fr\/wp\/index.php?rest_route=\/wp\/v2\/pages\/495","targetHints":{"allow":["GET"]}}],"collection":[{"href":"https:\/\/elanchevillybasket.fr\/wp\/index.php?rest_route=\/wp\/v2\/pages"}],"about":[{"href":"https:\/\/elanchevillybasket.fr\/wp\/index.php?rest_route=\/wp\/v2\/types\/page"}],"author":[{"embeddable":true,"href":"https:\/\/elanchevillybasket.fr\/wp\/index.php?rest_route=\/wp\/v2\/users\/1"}],"replies":[{"embeddable":true,"href":"https:\/\/elanchevillybasket.fr\/wp\/index.php?rest_route=%2Fwp%2Fv2%2Fcomments&post=495"}],"version-history":[{"count":9,"href":"https:\/\/elanchevillybasket.fr\/wp\/index.php?rest_route=\/wp\/v2\/pages\/495\/revisions"}],"predecessor-version":[{"id":2549,"href":"https:\/\/elanchevillybasket.fr\/wp\/index.php?rest_route=\/wp\/v2\/pages\/495\/revisions\/2549"}],"wp:featuredmedia":[{"embeddable":true,"href":"https:\/\/elanchevillybasket.fr\/wp\/index.php?rest_route=\/wp\/v2\/media\/2522"}],"wp:attachment":[{"href":"https:\/\/elanchevillybasket.fr\/wp\/index.php?rest_route=%2Fwp%2Fv2%2Fmedia&parent=495"}],"curies":[{"name":"wp","href":"https:\/\/api.w.org\/{rel}","templated":true}]}}